{"id":1854,"date":"2019-09-10T11:04:21","date_gmt":"2019-09-10T09:04:21","guid":{"rendered":"https:\/\/www.zighenzani.com\/zones-de-chasse\/"},"modified":"2019-09-10T15:44:38","modified_gmt":"2019-09-10T13:44:38","slug":"zones-de-chasse","status":"publish","type":"page","link":"https:\/\/www.zighenzani.com\/fr\/zones-de-chasse\/","title":{"rendered":"Zones de chasse"},"content":{"rendered":"<p><div class=\"fusion-fullwidth fullwidth-box fusion-builder-row-1 nonhundred-percent-fullwidth non-hundred-percent-height-scrolling\" style=\"--awb-background-position:left top;--awb-border-radius-top-left:0px;--awb-border-radius-top-right:0px;--awb-border-radius-bottom-right:0px;--awb-border-radius-bottom-left:0px;--awb-padding-top:60px;--awb-padding-bottom:45px;--awb-background-color:#f7f1e9;--awb-border-sizes-top:0px;--awb-border-sizes-bottom:0px;--awb-flex-wrap:wrap;\" ><div class=\"fusion-builder-row fusion-row\"><div class=\"fusion-layout-column fusion_builder_column fusion-builder-column-0 fusion_builder_column_1_1 1_1 fusion-one-full fusion-column-first fusion-column-last fusion-column-no-min-height\" style=\"--awb-bg-size:cover;--awb-margin-bottom:0px;\"><div class=\"fusion-column-wrapper fusion-flex-column-wrapper-legacy\"><div class=\"fusion-text fusion-text-1\"><h1 style=\"text-align: center;\">Nos zones de chasse<\/h1>\n<\/div><div class=\"fusion-sep-clear\"><\/div><div class=\"fusion-separator\" style=\"margin-left: auto;margin-right: auto;margin-bottom:40px;width:100%;max-width:170px;\"><div class=\"fusion-separator-border sep-single sep-solid\" style=\"--awb-height:20px;--awb-amount:20px;--awb-sep-color:#000000;border-color:#000000;border-top-width:1px;\"><\/div><\/div><div class=\"fusion-sep-clear\"><\/div><div class=\"fusion-clearfix\"><\/div><\/div><\/div><div class=\"fusion-layout-column fusion_builder_column fusion-builder-column-1 fusion_builder_column_1_6 1_6 fusion-one-sixth fusion-column-first\" style=\"--awb-bg-size:cover;width:13.3333%; margin-right: 4%;\"><div class=\"fusion-column-wrapper fusion-flex-column-wrapper-legacy\"><div class=\"fusion-clearfix\"><\/div><\/div><\/div><div class=\"fusion-layout-column fusion_builder_column fusion-builder-column-2 fusion_builder_column_2_3 2_3 fusion-two-third\" style=\"--awb-bg-size:cover;width:65.3333%; margin-right: 4%;\"><div class=\"fusion-column-wrapper fusion-flex-column-wrapper-legacy\"><div class=\"fusion-text fusion-text-2\"><h3 style=\"text-align: center;\">Nous chassons dans certaines des meilleures r\u00e9gions de la Namibie, au gibier indig\u00e8ne en libert\u00e9. Les habitats naturels sont riches en vari\u00e9t\u00e9s et en esp\u00e8ces sauvages. Une chasse prudente et attentive garantit la vue d&rsquo;animaux matures et de vieux troph\u00e9es.<\/h3>\n<\/div><div class=\"fusion-clearfix\"><\/div><\/div><\/div><div class=\"fusion-layout-column fusion_builder_column fusion-builder-column-3 fusion_builder_column_1_6 1_6 fusion-one-sixth fusion-column-last\" style=\"--awb-bg-size:cover;width:13.3333%;\"><div class=\"fusion-column-wrapper fusion-flex-column-wrapper-legacy\"><div class=\"fusion-clearfix\"><\/div><\/div><\/div><div class=\"fusion-layout-column fusion_builder_column fusion-builder-column-4 fusion_builder_column_1_1 1_1 fusion-one-full fusion-column-first fusion-column-last fusion-column-no-min-height\" style=\"--awb-bg-size:cover;--awb-margin-bottom:0px;\"><div class=\"fusion-column-wrapper fusion-flex-column-wrapper-legacy\"><div class=\"fusion-sep-clear\"><\/div><div class=\"fusion-separator fusion-full-width-sep\" style=\"margin-left: auto;margin-right: auto;margin-top:20px;width:100%;max-width:100%;\"><\/div><div class=\"fusion-sep-clear\"><\/div><div class=\"fusion-clearfix\"><\/div><\/div><\/div><div class=\"fusion-layout-column fusion_builder_column fusion-builder-column-5 fusion_builder_column_1_3 1_3 fusion-one-third fusion-column-first\" style=\"--awb-bg-size:cover;width:33.333333333333%;width:calc(33.333333333333% - ( ( 4% + 4% ) * 0.33333333333333 ) );margin-right: 4%;\"><div class=\"fusion-column-wrapper fusion-flex-column-wrapper-legacy\"><div class=\"fusion-text fusion-text-3\"><p><img decoding=\"async\" class=\"alignnone wp-image-895 size-full\" src=\"https:\/\/www.zighenzani.com\/wp-content\/uploads\/2015\/02\/portfolio_garib_800.jpg\" alt=\"\" width=\"800\" height=\"600\" srcset=\"https:\/\/www.zighenzani.com\/wp-content\/uploads\/2015\/02\/portfolio_garib_800-200x150.jpg 200w, https:\/\/www.zighenzani.com\/wp-content\/uploads\/2015\/02\/portfolio_garib_800-300x225.jpg 300w, https:\/\/www.zighenzani.com\/wp-content\/uploads\/2015\/02\/portfolio_garib_800-400x300.jpg 400w, https:\/\/www.zighenzani.com\/wp-content\/uploads\/2015\/02\/portfolio_garib_800-600x450.jpg 600w, https:\/\/www.zighenzani.com\/wp-content\/uploads\/2015\/02\/portfolio_garib_800-768x576.jpg 768w, https:\/\/www.zighenzani.com\/wp-content\/uploads\/2015\/02\/portfolio_garib_800.jpg 800w\" sizes=\"(max-width: 800px) 100vw, 800px\" \/><\/p>\n<h4>Garib<\/h4>\n<p>Am Rande der Kalahari \u2013 125 km s\u00fcd\u00f6stlich von Windhoek gelegen \u2013 umfasst Farm Garib rund 18.000 ha, mit den angrenzenden Farmen ergeben sich 51.000 ha. Zwischen Bergen und roten Kalaharid\u00fcnen gibt es hier sehr gute Best\u00e4nde an Kudu, Oryx, Hartebeest und Springbock.<\/p>\n<\/div><div class=\"fusion-button-wrapper\"><a class=\"fusion-button button-flat fusion-button-default-size button-default fusion-button-default button-1 fusion-button-default-span fusion-button-default-type\" style=\"--button_text_transform:uppercase;\" target=\"_self\" href=\"https:\/\/www.zighenzani.com\/fr\/garib\/\"><span class=\"fusion-button-text\">En savoir plus<\/span><\/a><\/div><div class=\"fusion-clearfix\"><\/div><\/div><\/div><div class=\"fusion-layout-column fusion_builder_column fusion-builder-column-6 fusion_builder_column_1_3 1_3 fusion-one-third\" style=\"--awb-bg-size:cover;width:33.333333333333%;width:calc(33.333333333333% - ( ( 4% + 4% ) * 0.33333333333333 ) );margin-right: 4%;\"><div class=\"fusion-column-wrapper fusion-flex-column-wrapper-legacy\"><div class=\"fusion-text fusion-text-4\"><p><img decoding=\"async\" class=\"alignnone wp-image-897 size-full\" src=\"https:\/\/www.zighenzani.com\/wp-content\/uploads\/2015\/02\/portfolio_okokuwiruru_1200.jpg\" alt=\"\" width=\"1200\" height=\"900\" srcset=\"https:\/\/www.zighenzani.com\/wp-content\/uploads\/2015\/02\/portfolio_okokuwiruru_1200-200x150.jpg 200w, https:\/\/www.zighenzani.com\/wp-content\/uploads\/2015\/02\/portfolio_okokuwiruru_1200-300x225.jpg 300w, https:\/\/www.zighenzani.com\/wp-content\/uploads\/2015\/02\/portfolio_okokuwiruru_1200-400x300.jpg 400w, https:\/\/www.zighenzani.com\/wp-content\/uploads\/2015\/02\/portfolio_okokuwiruru_1200-600x450.jpg 600w, https:\/\/www.zighenzani.com\/wp-content\/uploads\/2015\/02\/portfolio_okokuwiruru_1200-768x576.jpg 768w, https:\/\/www.zighenzani.com\/wp-content\/uploads\/2015\/02\/portfolio_okokuwiruru_1200-800x600.jpg 800w, https:\/\/www.zighenzani.com\/wp-content\/uploads\/2015\/02\/portfolio_okokuwiruru_1200-1024x768.jpg 1024w, https:\/\/www.zighenzani.com\/wp-content\/uploads\/2015\/02\/portfolio_okokuwiruru_1200.jpg 1200w\" sizes=\"(max-width: 1200px) 100vw, 1200px\" \/><\/p>\n<h4>Okowiruru<\/h4>\n<p>Farm Okowiruru liegt im Sandveld \u2013 200 km nord\u00f6stlich von Windhoek \u2013 und bietet ein 18.000 ha gro\u00dfes Jagdgebiet in dem sich Dornbuschsavanne und offene Fl\u00e4chen abwechseln. Vor allem Kudus, Oryx, Hartebeest und Warzenschweine ziehen hier ihre F\u00e4hrten.<\/p>\n<\/div><div class=\"fusion-button-wrapper\"><a class=\"fusion-button button-flat fusion-button-default-size button-default fusion-button-default button-2 fusion-button-default-span fusion-button-default-type\" style=\"--button_text_transform:uppercase;\" target=\"_self\" href=\"https:\/\/www.zighenzani.com\/fr\/okowiruru\/\"><span class=\"fusion-button-text\">En savoir plus<\/span><\/a><\/div><div class=\"fusion-clearfix\"><\/div><\/div><\/div><div class=\"fusion-layout-column fusion_builder_column fusion-builder-column-7 fusion_builder_column_1_3 1_3 fusion-one-third fusion-column-last\" style=\"--awb-bg-size:cover;width:33.333333333333%;width:calc(33.333333333333% - ( ( 4% + 4% ) * 0.33333333333333 ) );\"><div class=\"fusion-column-wrapper fusion-flex-column-wrapper-legacy\"><div class=\"fusion-text fusion-text-5\"><p><img decoding=\"async\" class=\"alignnone wp-image-896 size-full\" src=\"https:\/\/www.zighenzani.com\/wp-content\/uploads\/2015\/02\/portfolio_gebiet3_800.jpg\" alt=\"\" width=\"800\" height=\"600\" srcset=\"https:\/\/www.zighenzani.com\/wp-content\/uploads\/2015\/02\/portfolio_gebiet3_800-200x150.jpg 200w, https:\/\/www.zighenzani.com\/wp-content\/uploads\/2015\/02\/portfolio_gebiet3_800-300x225.jpg 300w, https:\/\/www.zighenzani.com\/wp-content\/uploads\/2015\/02\/portfolio_gebiet3_800-400x300.jpg 400w, https:\/\/www.zighenzani.com\/wp-content\/uploads\/2015\/02\/portfolio_gebiet3_800-600x450.jpg 600w, https:\/\/www.zighenzani.com\/wp-content\/uploads\/2015\/02\/portfolio_gebiet3_800-768x576.jpg 768w, https:\/\/www.zighenzani.com\/wp-content\/uploads\/2015\/02\/portfolio_gebiet3_800.jpg 800w\" sizes=\"(max-width: 800px) 100vw, 800px\" \/><\/p>\n<h4>Konzessionsfarmen und Gro\u00dfwild<\/h4>\n<p>Spezielle Jagden in bestimmten Gebieten oder im benachbarten Ausland veranstalten wir mehrmals j\u00e4hrlich auf Kundennachfrage. Mittlerweile organisieren wir einen bedeutenden Teil unserer Jagden in weiteren Jagdgebieten Namibias und auch in Sambia.<\/p>\n<\/div><div class=\"fusion-button-wrapper\"><a class=\"fusion-button button-flat fusion-button-default-size button-default fusion-button-default button-3 fusion-button-default-span fusion-button-default-type\" style=\"--button_text_transform:uppercase;\" target=\"_self\" href=\"https:\/\/www.zighenzani.com\/fr\/autres-domaines-gros-gibier\/\"><span class=\"fusion-button-text\">En savoir plus<\/span><\/a><\/div><div class=\"fusion-clearfix\"><\/div><\/div><\/div><\/div><\/div><div class=\"fusion-bg-parallax\" data-bg-align=\"center center\" data-direction=\"up\" data-mute=\"false\" data-opacity=\"100\" data-velocity=\"-0.3\" data-mobile-enabled=\"false\" data-break_parents=\"0\" data-bg-image=\"https:\/\/www.zighenzani.com\/wp-content\/uploads\/2019\/02\/back_call_to_action_buchungsanfrage-1.jpg\" data-bg-repeat=\"false\" ><\/div><div class=\"fusion-fullwidth fullwidth-box fusion-builder-row-2 fusion-parallax-up nonhundred-percent-fullwidth non-hundred-percent-height-scrolling\" style=\"--awb-border-radius-top-left:0px;--awb-border-radius-top-right:0px;--awb-border-radius-bottom-right:0px;--awb-border-radius-bottom-left:0px;--awb-padding-top:220px;--awb-padding-bottom:220px;--awb-background-image:url(&quot;https:\/\/www.zighenzani.com\/wp-content\/uploads\/2019\/02\/back_call_to_action_buchungsanfrage-1.jpg&quot;);--awb-background-size:cover;--awb-border-sizes-top:0px;--awb-border-sizes-bottom:0px;--awb-flex-wrap:wrap;\" ><div class=\"fusion-builder-row fusion-row\"><div class=\"fusion-layout-column fusion_builder_column fusion-builder-column-8 fusion_builder_column_1_1 1_1 fusion-one-full fusion-column-first fusion-column-last fusion-column-no-min-height\" style=\"--awb-bg-size:cover;--awb-margin-bottom:0px;\"><div class=\"fusion-column-wrapper fusion-flex-column-wrapper-legacy\"><div class=\"fusion-text fusion-text-6\"><h1 style=\"text-align: center; color: #fff; text-transform: uppercase;\">D\u00e9couvrez avec nous la beaut\u00e9 et l&rsquo;\u00e9tendue originelles de l&rsquo;Afrique!<br \/>\n<\/h1>\n<\/div><div class=\"fusion-clearfix\"><\/div><\/div><\/div><div class=\"fusion-layout-column fusion_builder_column fusion-builder-column-9 fusion_builder_column_1_1 1_1 fusion-one-full fusion-column-first fusion-column-last fusion-column-no-min-height\" style=\"--awb-bg-size:cover;--awb-margin-bottom:0px;\"><div class=\"fusion-column-wrapper fusion-flex-column-wrapper-legacy\"><div class=\"fusion-text fusion-text-7\"><h3 style=\"text-align: center; color: #fff;\">Nous comprenons la chasse comme une conservation appliqu\u00e9e et une utilisation durable de nos pr\u00e9cieuses ressources. La Namibie offre des paysages exceptionnels, une faune particuli\u00e8re et une v\u00e9ritable aventure. Venez chasser avec nous et laissez-nous faire de votre safari une exp\u00e9rience inoubliable!<\/h3>\n<\/div><div class=\"fusion-sep-clear\"><\/div><div class=\"fusion-separator fusion-full-width-sep\" style=\"margin-left: auto;margin-right: auto;margin-top:10px;margin-bottom:10px;width:100%;\"><\/div><div class=\"fusion-sep-clear\"><\/div><div class=\"fusion-aligncenter\"><a class=\"fusion-button button-flat fusion-button-default-size button-default fusion-button-default button-4 fusion-button-default-span fusion-button-default-type\" target=\"_self\" href=\"https:\/\/www.zighenzani.com\/fr\/reservation-et-contact\/\"><span class=\"fusion-button-text\">DEMANDE DE RESERVATION<\/span><\/a><\/div><div class=\"fusion-clearfix\"><\/div><\/div><\/div><\/div><\/div><\/p>\n","protected":false},"excerpt":{"rendered":"","protected":false},"author":1,"featured_media":0,"parent":0,"menu_order":2,"comment_status":"closed","ping_status":"closed","template":"100-width.php","meta":{"footnotes":""},"_links":{"self":[{"href":"https:\/\/www.zighenzani.com\/fr\/wp-json\/wp\/v2\/pages\/1854"}],"collection":[{"href":"https:\/\/www.zighenzani.com\/fr\/wp-json\/wp\/v2\/pages"}],"about":[{"href":"https:\/\/www.zighenzani.com\/fr\/wp-json\/wp\/v2\/types\/page"}],"author":[{"embeddable":true,"href":"https:\/\/www.zighenzani.com\/fr\/wp-json\/wp\/v2\/users\/1"}],"replies":[{"embeddable":true,"href":"https:\/\/www.zighenzani.com\/fr\/wp-json\/wp\/v2\/comments?post=1854"}],"version-history":[{"count":4,"href":"https:\/\/www.zighenzani.com\/fr\/wp-json\/wp\/v2\/pages\/1854\/revisions"}],"predecessor-version":[{"id":1889,"href":"https:\/\/www.zighenzani.com\/fr\/wp-json\/wp\/v2\/pages\/1854\/revisions\/1889"}],"wp:attachment":[{"href":"https:\/\/www.zighenzani.com\/fr\/wp-json\/wp\/v2\/media?parent=1854"}],"curies":[{"name":"wp","href":"https:\/\/api.w.org\/{rel}","templated":true}]}}