{"id":1815,"date":"2019-09-09T16:47:32","date_gmt":"2019-09-09T14:47:32","guid":{"rendered":"https:\/\/www.zighenzani.com\/reservation-et-contact\/"},"modified":"2019-09-13T09:39:21","modified_gmt":"2019-09-13T07:39:21","slug":"reservation-et-contact","status":"publish","type":"page","link":"https:\/\/www.zighenzani.com\/fr\/reservation-et-contact\/","title":{"rendered":"R\u00e9servation et contact"},"content":{"rendered":"<p><div class=\"fusion-fullwidth fullwidth-box fusion-builder-row-1 nonhundred-percent-fullwidth non-hundred-percent-height-scrolling\" style=\"--awb-background-position:left top;--awb-border-radius-top-left:0px;--awb-border-radius-top-right:0px;--awb-border-radius-bottom-right:0px;--awb-border-radius-bottom-left:0px;--awb-padding-top:70px;--awb-padding-bottom:75px;--awb-border-sizes-top:0px;--awb-border-sizes-bottom:0px;--awb-flex-wrap:wrap;\" ><div class=\"fusion-builder-row fusion-row\"><div class=\"fusion-layout-column fusion_builder_column fusion-builder-column-0 fusion_builder_column_1_2 1_2 fusion-one-half fusion-column-first\" style=\"--awb-bg-size:cover;width:48%; margin-right: 4%;\"><div class=\"fusion-column-wrapper fusion-flex-column-wrapper-legacy\"><div class=\"fusion-text fusion-text-1\"><h2>Contactez nous<\/h2>\n<p>Envoyez-nous un message et nous vous r\u00e9pondrons dans les meilleurs d\u00e9lais. Si nous sommes en safari, veuillez nous accorder quelques jours pour vous r\u00e9pondre.<\/p>\n<\/div><div class=\"fusion-text fusion-text-2\">\n<div class=\"wpcf7 no-js\" id=\"wpcf7-f1870-o1\" lang=\"en-US\" dir=\"ltr\">\n<div class=\"screen-reader-response\"><p role=\"status\" aria-live=\"polite\" aria-atomic=\"true\"><\/p> <ul><\/ul><\/div>\n<form action=\"\/fr\/wp-json\/wp\/v2\/pages\/1815#wpcf7-f1870-o1\" method=\"post\" class=\"wpcf7-form init\" aria-label=\"Contact form\" novalidate=\"novalidate\" data-status=\"init\">\n<div style=\"display: none;\">\n<input type=\"hidden\" name=\"_wpcf7\" value=\"1870\" \/>\n<input type=\"hidden\" name=\"_wpcf7_version\" value=\"5.8.6\" \/>\n<input type=\"hidden\" name=\"_wpcf7_locale\" value=\"en_US\" \/>\n<input type=\"hidden\" name=\"_wpcf7_unit_tag\" value=\"wpcf7-f1870-o1\" \/>\n<input type=\"hidden\" name=\"_wpcf7_container_post\" value=\"0\" \/>\n<input type=\"hidden\" name=\"_wpcf7_posted_data_hash\" value=\"\" \/>\n<input type=\"hidden\" name=\"_wpcf7cf_hidden_group_fields\" value=\"[]\" \/>\n<input type=\"hidden\" name=\"_wpcf7cf_hidden_groups\" value=\"[]\" \/>\n<input type=\"hidden\" name=\"_wpcf7cf_visible_groups\" value=\"[]\" \/>\n<input type=\"hidden\" name=\"_wpcf7cf_repeaters\" value=\"[]\" \/>\n<input type=\"hidden\" name=\"_wpcf7cf_steps\" value=\"{}\" \/>\n<input type=\"hidden\" name=\"_wpcf7cf_options\" value=\"{&quot;form_id&quot;:1870,&quot;conditions&quot;:[],&quot;settings&quot;:{&quot;animation&quot;:&quot;yes&quot;,&quot;animation_intime&quot;:200,&quot;animation_outtime&quot;:200,&quot;conditions_ui&quot;:&quot;normal&quot;,&quot;notice_dismissed&quot;:false,&quot;notice_dismissed_update-cf7-5.7.2&quot;:true,&quot;notice_dismissed_update-cf7-5.8.5&quot;:true}}\" \/>\n<\/div>\n<p><label>Type de demande<br \/>\n<span class=\"wpcf7-form-control-wrap\" data-name=\"anfrageart\"><select class=\"wpcf7-form-control wpcf7-select wpcf7-validates-as-required\" aria-required=\"true\" aria-invalid=\"false\" name=\"anfrageart\"><option value=\"\">&#8212;Please choose an option&#8212;<\/option><option value=\"Demande g\u00e9n\u00e9rale\">Demande g\u00e9n\u00e9rale<\/option><option value=\"Demande de r\u00e9servation\">Demande de r\u00e9servation<\/option><option value=\"Renseignements sur les prix\">Renseignements sur les prix<\/option><\/select><\/span><\/label>\n<\/p>\n<p><label>Nom*<br \/>\n<span class=\"wpcf7-form-control-wrap\" data-name=\"your-name\"><input size=\"40\" class=\"wpcf7-form-control wpcf7-text wpcf7-validates-as-required\" aria-required=\"true\" aria-invalid=\"false\" value=\"\" type=\"text\" name=\"your-name\" \/><\/span> <\/label>\n<\/p>\n<p><label>Email*<br \/>\n<span class=\"wpcf7-form-control-wrap\" data-name=\"your-email\"><input size=\"40\" class=\"wpcf7-form-control wpcf7-email wpcf7-validates-as-required wpcf7-text wpcf7-validates-as-email\" aria-required=\"true\" aria-invalid=\"false\" value=\"\" type=\"email\" name=\"your-email\" \/><\/span> <\/label>\n<\/p>\n<p><label>Message<br \/>\n<span class=\"wpcf7-form-control-wrap\" data-name=\"textfeld\"><textarea cols=\"40\" rows=\"10\" class=\"wpcf7-form-control wpcf7-textarea\" aria-invalid=\"false\" name=\"textfeld\"><\/textarea><\/span><\/label>\n<\/p>\n<p><span class=\"wpcf7-form-control-wrap kc_captcha\" data-name=\"kc_captcha\"><span class=\"wpcf7-form-control wpcf7-radio\"><span class=\"captcha-image\" ><span class=\"cf7ic_instructions\">Please prove you are human by selecting the<span> flag<\/span>.<\/span><label><input type=\"radio\" name=\"kc_captcha\" value=\"bot\" \/><svg width=\"50\" height=\"50\" aria-hidden=\"true\" role=\"img\" xmlns=\"http:\/\/www.w3.org\/2000\/svg\" viewBox=\"0 0 512 512\"><path fill=\"currentColor\" d=\"M500 168h-55l-8-21a127 127 0 00-120-83H195a127 127 0 00-120 83l-8 21H12c-8 0-14 8-11 16l8 24a12 12 0 0011 8h29a64 64 0 00-33 56v48c0 16 6 31 16 42v62c0 13 11 24 24 24h48c13 0 24-11 24-24v-40h256v40c0 13 11 24 24 24h48c13 0 24-11 24-24v-62c10-11 16-26 16-42v-48c0-24-13-45-33-56h29a12 12 0 0011-8l8-24c3-8-3-16-11-16zm-365 2c9-25 33-42 60-42h122c27 0 51 17 60 42l15 38H120l15-38zM88 328a32 32 0 010-64c18 0 48 30 48 48s-30 16-48 16zm336 0c-18 0-48 2-48-16s30-48 48-48 32 14 32 32-14 32-32 32z\"\/><\/svg><\/label><label><input type=\"radio\" name=\"kc_captcha\" value=\"kc_human\" \/><svg width=\"50\" height=\"50\" aria-hidden=\"true\" role=\"img\" xmlns=\"http:\/\/www.w3.org\/2000\/svg\" viewBox=\"0 0 512 512\"><path fill=\"currentColor\" d=\"M350 99c-54 0-98-35-166-35-25 0-47 4-68 12a56 56 0 004-24C118 24 95 1 66 0a56 56 0 00-34 102v386c0 13 11 24 24 24h16c13 0 24-11 24-24v-94c28-12 64-23 114-23 54 0 98 35 166 35 48 0 86-16 122-41 9-6 14-15 14-26V96c0-23-24-39-45-29-35 16-77 32-117 32z\"\/><\/svg><\/label><label><input type=\"radio\" name=\"kc_captcha\" value=\"bot\" \/><svg width=\"50\" height=\"50\" aria-hidden=\"true\" role=\"img\" xmlns=\"http:\/\/www.w3.org\/2000\/svg\" viewBox=\"0 0 640 512\"><path fill=\"currentColor\" d=\"M624 352h-16V244c0-13-5-25-14-34L494 110c-9-9-21-14-34-14h-44V48c0-26-21-48-48-48H48C22 0 0 22 0 48v320c0 27 22 48 48 48h16a96 96 0 00192 0h128a96 96 0 00192 0h48c9 0 16-7 16-16v-32c0-9-7-16-16-16zM160 464a48 48 0 110-96 48 48 0 010 96zm320 0a48 48 0 110-96 48 48 0 010 96zm80-208H416V144h44l100 100v12z\"\/><\/svg><\/label>\r\n    <\/span>\r\n    <span style=\"display:none\">\r\n        <input type=\"text\" name=\"kc_honeypot\">\r\n    <\/span><\/span><\/span>\n<\/p>\n<p><input class=\"wpcf7-form-control wpcf7-submit has-spinner\" type=\"submit\" value=\"Envoyer\" \/>\n<\/p><div class=\"fusion-alert alert custom alert-custom fusion-alert-center wpcf7-response-output fusion-alert-capitalize awb-alert-native-link-color alert-dismissable awb-alert-close-boxed\" style=\"--awb-border-top-left-radius:0px;--awb-border-top-right-radius:0px;--awb-border-bottom-left-radius:0px;--awb-border-bottom-right-radius:0px;\" role=\"alert\"><div class=\"fusion-alert-content-wrapper\"><span class=\"fusion-alert-content\"><\/span><\/div><button type=\"button\" class=\"close toggle-alert\" data-dismiss=\"alert\" aria-label=\"Close\">&times;<\/button><\/div>\n<\/form>\n<\/div>\n\n<\/div><div class=\"fusion-clearfix\"><\/div><\/div><\/div><div class=\"fusion-layout-column fusion_builder_column fusion-builder-column-1 fusion_builder_column_1_2 1_2 fusion-one-half fusion-column-last\" style=\"--awb-bg-size:cover;width:48%;\"><div class=\"fusion-column-wrapper fusion-flex-column-wrapper-legacy\"><div class=\"fusion-text fusion-text-3\"><h2>Questions fr\u00e9quemment pos\u00e9es (FAQ)<\/h2>\n<p>Vous trouverez ici des conseils sur les questions les plus fr\u00e9quemment pos\u00e9es. Nous sommes heureux de r\u00e9pondre \u00e0 vos questions, envoyez-nous simplement un message.<\/p>\n<\/div><div class=\"fusion-sep-clear\"><\/div><div class=\"fusion-separator fusion-full-width-sep\" style=\"margin-left: auto;margin-right: auto;margin-bottom:20px;width:100%;\"><\/div><div class=\"fusion-sep-clear\"><\/div><div class=\"accordian fusion-accordian\" style=\"--awb-border-size:0px;--awb-icon-size:15px;--awb-content-font-size:15px;--awb-icon-alignment:left;--awb-hover-color:#f4f4f4;--awb-border-color:#f2f2f2;--awb-background-color:#f9f9f9;--awb-divider-color:#e0dede;--awb-divider-hover-color:#e0dede;--awb-icon-color:#333333;--awb-title-color:#333333;--awb-content-color:#747474;--awb-icon-box-color:#333333;--awb-toggle-hover-accent-color:#6666a4;--awb-title-font-family:&quot;Open Sans&quot;;--awb-title-font-weight:400;--awb-title-font-style:normal;--awb-title-font-size:18px;--awb-title-letter-spacing:0px;--awb-title-line-height:1.11;--awb-content-font-family:&quot;Open Sans&quot;;--awb-content-font-style:normal;--awb-content-font-weight:400;\"><div class=\"panel-group fusion-toggle-icon-unboxed\" id=\"accordion-1815-1\"><div class=\"fusion-panel panel-default panel-dd001a49a3ad810e7 fusion-toggle-no-divider fusion-toggle-boxed-mode\"><div class=\"panel-heading\"><h4 class=\"panel-title toggle\" id=\"toggle_dd001a49a3ad810e7\"><a aria-expanded=\"false\" aria-controls=\"dd001a49a3ad810e7\" role=\"button\" data-toggle=\"collapse\" data-parent=\"#accordion-1815-1\" data-target=\"#dd001a49a3ad810e7\" href=\"#dd001a49a3ad810e7\"><span class=\"fusion-toggle-icon-wrapper\" aria-hidden=\"true\"><i class=\"fa-fusion-box active-icon awb-icon-minus\" aria-hidden=\"true\"><\/i><i class=\"fa-fusion-box inactive-icon awb-icon-plus\" aria-hidden=\"true\"><\/i><\/span><span class=\"fusion-toggle-heading\">Comment entrer dans le pays avec une ou plusieurs armes: carabines et\/ou fusils?<\/span><\/a><\/h4><\/div><div id=\"dd001a49a3ad810e7\" class=\"panel-collapse collapse \" aria-labelledby=\"toggle_dd001a49a3ad810e7\"><div class=\"panel-body toggle-content fusion-clearfix\">Pour plus d&rsquo;informations sur ce sujet, voir <a href=\"https:\/\/www.zighenzani.com\/fr\/informations-sur-la-chasse\/\">Informations sur la chasse<\/a>.<\/div><\/div><\/div><div class=\"fusion-panel panel-default panel-753fb51aa51c3dde4 fusion-toggle-no-divider fusion-toggle-boxed-mode\"><div class=\"panel-heading\"><h4 class=\"panel-title toggle\" id=\"toggle_753fb51aa51c3dde4\"><a aria-expanded=\"false\" aria-controls=\"753fb51aa51c3dde4\" role=\"button\" data-toggle=\"collapse\" data-parent=\"#accordion-1815-1\" data-target=\"#753fb51aa51c3dde4\" href=\"#753fb51aa51c3dde4\"><span class=\"fusion-toggle-icon-wrapper\" aria-hidden=\"true\"><i class=\"fa-fusion-box active-icon awb-icon-minus\" aria-hidden=\"true\"><\/i><i class=\"fa-fusion-box inactive-icon awb-icon-plus\" aria-hidden=\"true\"><\/i><\/span><span class=\"fusion-toggle-heading\">Que faut-il faire pour venir avec des enfants mineurs?<\/span><\/a><\/h4><\/div><div id=\"753fb51aa51c3dde4\" class=\"panel-collapse collapse \" aria-labelledby=\"toggle_753fb51aa51c3dde4\"><div class=\"panel-body toggle-content fusion-clearfix\">\n<p>Pour plus d&rsquo;informations sur ce sujet, visitez le site Web du <a href=\"https:\/\/www.namibia-tourism.com\/%C3%BCber-namibia\/gut-zu-wissen\/einreise-mit-kindern\/\">Namibia Tourism Board.<\/a><\/p>\n<\/div><\/div><\/div><div class=\"fusion-panel panel-default panel-cca2d17245f2c6f89 fusion-toggle-no-divider fusion-toggle-boxed-mode\"><div class=\"panel-heading\"><h4 class=\"panel-title toggle\" id=\"toggle_cca2d17245f2c6f89\"><a aria-expanded=\"false\" aria-controls=\"cca2d17245f2c6f89\" role=\"button\" data-toggle=\"collapse\" data-parent=\"#accordion-1815-1\" data-target=\"#cca2d17245f2c6f89\" href=\"#cca2d17245f2c6f89\"><span class=\"fusion-toggle-icon-wrapper\" aria-hidden=\"true\"><i class=\"fa-fusion-box active-icon awb-icon-minus\" aria-hidden=\"true\"><\/i><i class=\"fa-fusion-box inactive-icon awb-icon-plus\" aria-hidden=\"true\"><\/i><\/span><span class=\"fusion-toggle-heading\">Quel \u00e9quipement dois-je apporter?<\/span><\/a><\/h4><\/div><div id=\"cca2d17245f2c6f89\" class=\"panel-collapse collapse \" aria-labelledby=\"toggle_cca2d17245f2c6f89\"><div class=\"panel-body toggle-content fusion-clearfix\">Pour plus d&rsquo;informations sur ce sujet, voir <a href=\"https:\/\/www.zighenzani.com\/fr\/informations-sur-la-chasse\/\">Informations sur la chasse<\/a>.<\/div><\/div><\/div><div class=\"fusion-panel panel-default panel-39a48080e41722235 fusion-toggle-no-divider fusion-toggle-boxed-mode\"><div class=\"panel-heading\"><h4 class=\"panel-title toggle\" id=\"toggle_39a48080e41722235\"><a aria-expanded=\"false\" aria-controls=\"39a48080e41722235\" role=\"button\" data-toggle=\"collapse\" data-parent=\"#accordion-1815-1\" data-target=\"#39a48080e41722235\" href=\"#39a48080e41722235\"><span class=\"fusion-toggle-icon-wrapper\" aria-hidden=\"true\"><i class=\"fa-fusion-box active-icon awb-icon-minus\" aria-hidden=\"true\"><\/i><i class=\"fa-fusion-box inactive-icon awb-icon-plus\" aria-hidden=\"true\"><\/i><\/span><span class=\"fusion-toggle-heading\">Quel est le meilleur moment de l\u2019ann\u00e9e pour un voyage?<\/span><\/a><\/h4><\/div><div id=\"39a48080e41722235\" class=\"panel-collapse collapse \" aria-labelledby=\"toggle_39a48080e41722235\"><div class=\"panel-body toggle-content fusion-clearfix\">Pour plus d&rsquo;informations sur ce sujet, voir <a href=\"https:\/\/www.zighenzani.com\/fr\/informations-sur-la-chasse\/\">Informations sur la chasse<\/a>.<\/div><\/div><\/div><div class=\"fusion-panel panel-default panel-6279df2a3c7b38643 fusion-toggle-no-divider fusion-toggle-boxed-mode\"><div class=\"panel-heading\"><h4 class=\"panel-title toggle\" id=\"toggle_6279df2a3c7b38643\"><a aria-expanded=\"false\" aria-controls=\"6279df2a3c7b38643\" role=\"button\" data-toggle=\"collapse\" data-parent=\"#accordion-1815-1\" data-target=\"#6279df2a3c7b38643\" href=\"#6279df2a3c7b38643\"><span class=\"fusion-toggle-icon-wrapper\" aria-hidden=\"true\"><i class=\"fa-fusion-box active-icon awb-icon-minus\" aria-hidden=\"true\"><\/i><i class=\"fa-fusion-box inactive-icon awb-icon-plus\" aria-hidden=\"true\"><\/i><\/span><span class=\"fusion-toggle-heading\">Quel est le risque de paludisme?<\/span><\/a><\/h4><\/div><div id=\"6279df2a3c7b38643\" class=\"panel-collapse collapse \" aria-labelledby=\"toggle_6279df2a3c7b38643\"><div class=\"panel-body toggle-content fusion-clearfix\">Pour plus d&rsquo;informations, voir <a href=\"https:\/\/www.zighenzani.com\/fr\/informations-sur-la-chasse\/#ausruestung\">Equipements<\/a>.<\/div><\/div><\/div><div class=\"fusion-panel panel-default panel-21e18a98c66778aae fusion-toggle-no-divider fusion-toggle-boxed-mode\"><div class=\"panel-heading\"><h4 class=\"panel-title toggle\" id=\"toggle_21e18a98c66778aae\"><a aria-expanded=\"false\" aria-controls=\"21e18a98c66778aae\" role=\"button\" data-toggle=\"collapse\" data-parent=\"#accordion-1815-1\" data-target=\"#21e18a98c66778aae\" href=\"#21e18a98c66778aae\"><span class=\"fusion-toggle-icon-wrapper\" aria-hidden=\"true\"><i class=\"fa-fusion-box active-icon awb-icon-minus\" aria-hidden=\"true\"><\/i><i class=\"fa-fusion-box inactive-icon awb-icon-plus\" aria-hidden=\"true\"><\/i><\/span><span class=\"fusion-toggle-heading\">De quels vaccins ai-je besoin?<\/span><\/a><\/h4><\/div><div id=\"21e18a98c66778aae\" class=\"panel-collapse collapse \" aria-labelledby=\"toggle_21e18a98c66778aae\"><div class=\"panel-body toggle-content fusion-clearfix\">Pour plus d&rsquo;informations, voir <a href=\"https:\/\/www.zighenzani.com\/fr\/informations-sur-la-chasse\/#ausruestung\">Equipements<\/a>.<\/div><\/div><\/div><\/div><\/div><div class=\"fusion-clearfix\"><\/div><\/div><\/div><\/div><\/div><div class=\"fusion-fullwidth fullwidth-box fusion-builder-row-2 hundred-percent-fullwidth non-hundred-percent-height-scrolling\" style=\"--awb-background-position:left top;--awb-border-radius-top-left:0px;--awb-border-radius-top-right:0px;--awb-border-radius-bottom-right:0px;--awb-border-radius-bottom-left:0px;--awb-padding-top:0px;--awb-padding-right:0px;--awb-padding-bottom:0px;--awb-padding-left:0px;--awb-border-sizes-top:0px;--awb-border-sizes-bottom:0px;--awb-flex-wrap:wrap;\" ><div class=\"fusion-builder-row fusion-row\"><div class=\"fusion-layout-column fusion_builder_column fusion-builder-column-2 fusion_builder_column_1_1 1_1 fusion-one-full fusion-column-first fusion-column-last fusion-column-no-min-height\" style=\"--awb-bg-size:cover;--awb-margin-bottom:0px;\"><div class=\"fusion-column-wrapper fusion-flex-column-wrapper-legacy\">\t\t\t\t\t<script type=\"text\/javascript\">\n\t\t\t\t\t\tvar map_fusion_map_69f1023b9aeda;\n\t\t\t\t\t\tvar markers = [];\n\t\t\t\t\t\tvar counter = 0;\n\t\t\t\t\t\t\t\t\t\t\t\t\t\t\t\t\t\t\t\tvar fusionMapNonce = 'bacf9e49c3';\n\t\t\t\t\t\t\t\t\t\t\t\tfunction fusion_run_map_fusion_map_69f1023b9aeda() {\n\t\t\t\t\t\t\tjQuery('#fusion_map_69f1023b9aeda').fusion_maps({\n\t\t\t\t\t\t\t\taddresses: [{\"address\":\"-23.135081,17.632447\",\"infobox_content\":\"Zighenzani \\\/ Garib\",\"coordinates\":true,\"latitude\":\"-23.135081\",\"longitude\":\"17.632447\",\"cache\":true,\"geocoded_address\":\"C15, Namibia\"},{\"address\":\"-21.652862,17.977242\",\"infobox_content\":\"Zighenzani \\\/ Okowiruru-Nord\",\"coordinates\":true,\"latitude\":\"-21.652862\",\"longitude\":\"17.977242\",\"cache\":true,\"geocoded_address\":\"Otjozondjupa, Namibia\"}],\n\t\t\t\t\t\t\t\tanimations: true,\n\t\t\t\t\t\t\t\tinfobox_background_color: 'rgba(102,102,164,.8)',\n\t\t\t\t\t\t\t\tinfobox_styling: 'default',\n\t\t\t\t\t\t\t\tinfobox_text_color: '#ffffff',\n\t\t\t\t\t\t\t\tmap_style: 'custom',\n\t\t\t\t\t\t\t\tmap_type: 'roadmap',\n\t\t\t\t\t\t\t\tmarker_icon: '',\n\t\t\t\t\t\t\t\toverlay_color: '',\n\t\t\t\t\t\t\t\toverlay_color_hsl: {\"hue\":0,\"sat\":0,\"lum\":100},\n\t\t\t\t\t\t\t\tpan_control: false,\n\t\t\t\t\t\t\t\tshow_address: false,\n\t\t\t\t\t\t\t\tscale_control: false,\n\t\t\t\t\t\t\t\tscrollwheel: false,\n\t\t\t\t\t\t\t\tzoom: 8,\n\t\t\t\t\t\t\t\tzoom_control: false,\n\t\t\t\t\t\t\t});\n\t\t\t\t\t\t}\n\n\t\t\t\t\t\tgoogle.maps.event.addDomListener(window, 'load', fusion_run_map_fusion_map_69f1023b9aeda);\n\t\t\t\t\t<\/script>\n\t\t\t\t\t<div class=\"shortcode-map fusion-google-map fusion-maps-js-type\" style=\"--awb-height:700px;\" id=\"fusion_map_69f1023b9aeda\"><\/div><div class=\"fusion-clearfix\"><\/div><\/div><\/div><\/div><\/div><\/p>\n","protected":false},"excerpt":{"rendered":"","protected":false},"author":1,"featured_media":0,"parent":0,"menu_order":5,"comment_status":"closed","ping_status":"closed","template":"100-width.php","meta":{"footnotes":""},"_links":{"self":[{"href":"https:\/\/www.zighenzani.com\/fr\/wp-json\/wp\/v2\/pages\/1815"}],"collection":[{"href":"https:\/\/www.zighenzani.com\/fr\/wp-json\/wp\/v2\/pages"}],"about":[{"href":"https:\/\/www.zighenzani.com\/fr\/wp-json\/wp\/v2\/types\/page"}],"author":[{"embeddable":true,"href":"https:\/\/www.zighenzani.com\/fr\/wp-json\/wp\/v2\/users\/1"}],"replies":[{"embeddable":true,"href":"https:\/\/www.zighenzani.com\/fr\/wp-json\/wp\/v2\/comments?post=1815"}],"version-history":[{"count":4,"href":"https:\/\/www.zighenzani.com\/fr\/wp-json\/wp\/v2\/pages\/1815\/revisions"}],"predecessor-version":[{"id":1899,"href":"https:\/\/www.zighenzani.com\/fr\/wp-json\/wp\/v2\/pages\/1815\/revisions\/1899"}],"wp:attachment":[{"href":"https:\/\/www.zighenzani.com\/fr\/wp-json\/wp\/v2\/media?parent=1815"}],"curies":[{"name":"wp","href":"https:\/\/api.w.org\/{rel}","templated":true}]}}