{"id":1794,"date":"2019-09-09T16:33:59","date_gmt":"2019-09-09T14:33:59","guid":{"rendered":"https:\/\/www.zighenzani.com\/a-propos-de-nous\/"},"modified":"2019-09-09T16:34:02","modified_gmt":"2019-09-09T14:34:02","slug":"a-propos-de-nous","status":"publish","type":"page","link":"https:\/\/www.zighenzani.com\/fr\/a-propos-de-nous\/","title":{"rendered":"\u00c0 propos de nous"},"content":{"rendered":"<p><div id=\"philosophie\" class=\"fusion-container-anchor\"><div class=\"fusion-fullwidth fullwidth-box fusion-builder-row-1 hundred-percent-fullwidth non-hundred-percent-height-scrolling fusion-equal-height-columns\" style=\"--awb-background-position:left top;--awb-border-radius-top-left:0px;--awb-border-radius-top-right:0px;--awb-border-radius-bottom-right:0px;--awb-border-radius-bottom-left:0px;--awb-padding-top:90px;--awb-padding-right:0px;--awb-padding-bottom:0px;--awb-padding-left:0px;--awb-border-sizes-top:0px;--awb-border-sizes-bottom:0px;--awb-flex-wrap:wrap;\" ><div class=\"fusion-builder-row fusion-row\"><div class=\"fusion-layout-column fusion_builder_column fusion-builder-column-0 fusion_builder_column_1_2 1_2 fusion-one-half fusion-column-first\" style=\"--awb-padding-top:30px;--awb-padding-right:30px;--awb-padding-bottom:30px;--awb-padding-left:15%;--awb-bg-size:cover;width:48%; margin-right: 4%;\"><div class=\"fusion-column-wrapper fusion-flex-column-wrapper-legacy\"><div class=\"fusion-text fusion-text-1\"><h1 style=\"text-align: right; margin-top: 0px; text-transform: uppercase;\">Philosophie<\/h1>\n<\/div><div class=\"fusion-sep-clear\"><\/div><div class=\"fusion-separator fusion-clearfix separator-right\" style=\"float:right;margin-top:0px;margin-bottom:30px;width:100%;max-width:170px;\"><div class=\"fusion-separator-border sep-single sep-solid\" style=\"--awb-height:20px;--awb-amount:20px;--awb-sep-color:#000000;border-color:#000000;border-top-width:1px;\"><\/div><\/div><div class=\"fusion-sep-clear\"><\/div><div class=\"fusion-text fusion-text-2\"><h3 style=\"text-align: right;\">Nous chassons de mani\u00e8re authentique, honn\u00eate et durable le gibier indig\u00e8ne se d\u00e9placant librement en Namibie. Notre motivation est une chasse \u00e9thique dans des habitats extraordinaires et des exp\u00e9riences de chasses passionnantes. Nos nombreuses ann\u00e9es d&rsquo;exp\u00e9rience garantissent la s\u00e9curit\u00e9 de nos h\u00f4tes et le professionnalisme n\u00e9cessaire.<\/h3>\n<\/div><div class=\"fusion-clearfix\"><\/div><\/div><\/div><div class=\"fusion-layout-column fusion_builder_column fusion-builder-column-1 fusion_builder_column_1_2 1_2 fusion-one-half fusion-column-last\" style=\"--awb-bg-image:url(&#039;https:\/\/www.zighenzani.com\/wp-content\/uploads\/2019\/02\/ueber-uns_philosophie.jpg&#039;);--awb-bg-position:left center;--awb-bg-size:cover;width:48%;\"><div class=\"fusion-column-wrapper fusion-flex-column-wrapper-legacy fusion-empty-column-bg-image fusion-column-has-bg-image\" data-bg-url=\"https:\/\/www.zighenzani.com\/wp-content\/uploads\/2019\/02\/ueber-uns_philosophie.jpg\"><img decoding=\"async\" class=\"fusion-empty-dims-img-placeholder fusion-no-large-visibility\" src=\"data:image\/svg+xml,%3Csvg%20xmlns%3D%27http%3A%2F%2Fwww.w3.org%2F2000%2Fsvg%27%20width%3D%271250%27%20height%3D%27300%27%20viewBox%3D%270%200%201250%20300%27%3E%3Crect%20width%3D%271250%27%20height%3D%27300%27%20fill-opacity%3D%220%22%2F%3E%3C%2Fsvg%3E\"><div class=\"fusion-clearfix\"><\/div><\/div><\/div><\/div><\/div><\/div><div class=\"fusion-fullwidth fullwidth-box fusion-builder-row-2 nonhundred-percent-fullwidth non-hundred-percent-height-scrolling\" style=\"--awb-background-position:left top;--awb-border-radius-top-left:0px;--awb-border-radius-top-right:0px;--awb-border-radius-bottom-right:0px;--awb-border-radius-bottom-left:0px;--awb-padding-top:20px;--awb-padding-bottom:65px;--awb-border-sizes-top:0px;--awb-border-sizes-bottom:0px;--awb-flex-wrap:wrap;\" ><div class=\"fusion-builder-row fusion-row\"><div class=\"fusion-layout-column fusion_builder_column fusion-builder-column-2 fusion_builder_column_1_2 1_2 fusion-one-half fusion-column-first\" style=\"--awb-bg-size:cover;width:48%; margin-right: 4%;\"><div class=\"fusion-column-wrapper fusion-flex-column-wrapper-legacy\"><div class=\"fusion-text fusion-text-3\"><p>Depuis toujours, le plein air a toujours quelque chose de mytique. L&rsquo;Afrique a donn\u00e9 et pris beaucoup. Cela m&rsquo;a donn\u00e9 le respect de la Cr\u00e9ation, avec toutes ses difficult\u00e9s. Pour moi, la chasse est la cl\u00e9 entre le vieux monde et le monde tr\u00e9pidant d\u2019aujourd\u2019hui. Peu de professions ou de passe-temps requi\u00e8rent autant d&rsquo;attention qu&rsquo;une chasse.<\/p>\n<\/div><div class=\"fusion-clearfix\"><\/div><\/div><\/div><div class=\"fusion-layout-column fusion_builder_column fusion-builder-column-3 fusion_builder_column_1_2 1_2 fusion-one-half fusion-column-last\" style=\"--awb-bg-size:cover;width:48%;\"><div class=\"fusion-column-wrapper fusion-flex-column-wrapper-legacy\"><div class=\"fusion-text fusion-text-4\"><p>Si vous n&rsquo;\u00eates pas attentif \u00e0 110%, concentr\u00e9 et en harmonie avec votre environnement, vous ne r\u00e9ussirez pas votre chasse. Ce sentiment de fascination pour votre gibier est difficile \u00e0 d\u00e9crire. C\u2019est la raison pour laquelle le troph\u00e9e permet de faire revivre les \u00e9motions ressenties en se rem\u00e9morant sa chasse .<\/p>\n<p>Sigurd Hess, Mars 2019<\/p>\n<\/div><div class=\"fusion-clearfix\"><\/div><\/div><\/div><div class=\"fusion-layout-column fusion_builder_column fusion-builder-column-4 fusion_builder_column_1_4 1_4 fusion-one-fourth fusion-column-first\" style=\"--awb-bg-size:cover;width:25%;width:calc(25% - ( ( 4% + 4% ) * 0.25 ) );margin-right: 4%;\"><div class=\"fusion-column-wrapper fusion-flex-column-wrapper-legacy\"><div class=\"fusion-clearfix\"><\/div><\/div><\/div><div class=\"fusion-layout-column fusion_builder_column fusion-builder-column-5 fusion_builder_column_1_2 1_2 fusion-one-half\" style=\"--awb-bg-size:cover;width:50%;width:calc(50% - ( ( 4% + 4% ) * 0.5 ) );margin-right: 4%;\"><div class=\"fusion-column-wrapper fusion-flex-column-wrapper-legacy\"><div class=\"fusion-column-content-centered\"><div class=\"fusion-column-content\"><div class=\"fusion-text fusion-text-5\"><p><div class=\"fusion-alignleft\"><a class=\"fusion-button button-flat button-large button-default fusion-button-default button-1 fusion-button-default-span \" target=\"_blank\" rel=\"noopener noreferrer\" href=\"\/?page_id=11\"><span class=\"fusion-button-text\">Contact<\/span><\/a><\/div>\n<div class=\"fusion-alignleft\"><a class=\"fusion-button button-flat button-large button-default fusion-button-default button-2 fusion-button-default-span \" target=\"_blank\" rel=\"noopener noreferrer\" href=\"\/?page_id=11\"><span class=\"fusion-button-text\">Demande de r\u00e9servation<\/span><\/a><\/div><\/p>\n<\/div><\/div><\/div><div class=\"fusion-clearfix\"><\/div><\/div><\/div><div class=\"fusion-layout-column fusion_builder_column fusion-builder-column-6 fusion_builder_column_1_4 1_4 fusion-one-fourth fusion-column-last\" style=\"--awb-bg-size:cover;width:25%;width:calc(25% - ( ( 4% + 4% ) * 0.25 ) );\"><div class=\"fusion-column-wrapper fusion-flex-column-wrapper-legacy\"><div class=\"fusion-clearfix\"><\/div><\/div><\/div><\/div><\/div><div id=\"team\" class=\"fusion-container-anchor\"><div class=\"fusion-fullwidth fullwidth-box fusion-builder-row-3 nonhundred-percent-fullwidth non-hundred-percent-height-scrolling\" style=\"--awb-background-position:left top;--awb-border-radius-top-left:0px;--awb-border-radius-top-right:0px;--awb-border-radius-bottom-right:0px;--awb-border-radius-bottom-left:0px;--awb-padding-top:60px;--awb-padding-bottom:85px;--awb-background-color:#f0f0ed;--awb-border-sizes-top:0px;--awb-border-sizes-bottom:0px;--awb-flex-wrap:wrap;\" ><div class=\"fusion-builder-row fusion-row\"><div class=\"fusion-layout-column fusion_builder_column fusion-builder-column-7 fusion_builder_column_1_1 1_1 fusion-one-full fusion-column-first fusion-column-last fusion-column-no-min-height\" style=\"--awb-bg-size:cover;--awb-margin-bottom:0px;\"><div class=\"fusion-column-wrapper fusion-flex-column-wrapper-legacy\"><div class=\"fusion-text fusion-text-6\"><h1 style=\"text-align: center; text-transform: uppercase;\">Notre \u00e9quipe<\/h1>\n<\/div><div class=\"fusion-sep-clear\"><\/div><div class=\"fusion-separator\" style=\"margin-left: auto;margin-right: auto;margin-bottom:40px;width:100%;max-width:170px;\"><div class=\"fusion-separator-border sep-single sep-solid\" style=\"--awb-height:20px;--awb-amount:20px;--awb-sep-color:#000000;border-color:#000000;border-top-width:1px;\"><\/div><\/div><div class=\"fusion-sep-clear\"><\/div><div class=\"fusion-clearfix\"><\/div><\/div><\/div><div class=\"fusion-layout-column fusion_builder_column fusion-builder-column-8 fusion_builder_column_1_6 1_6 fusion-one-sixth fusion-column-first\" style=\"--awb-bg-size:cover;width:13.3333%; margin-right: 4%;\"><div class=\"fusion-column-wrapper fusion-flex-column-wrapper-legacy\"><div class=\"fusion-clearfix\"><\/div><\/div><\/div><div class=\"fusion-layout-column fusion_builder_column fusion-builder-column-9 fusion_builder_column_2_3 2_3 fusion-two-third\" style=\"--awb-bg-size:cover;width:65.3333%; margin-right: 4%;\"><div class=\"fusion-column-wrapper fusion-flex-column-wrapper-legacy\"><div class=\"fusion-text fusion-text-7\"><h3 style=\"text-align: center;\">Des chasseurs professionnels et des guides de chasse exp\u00e9riment\u00e9s s&rsquo;occupent de votre chasse et vous montrent la beaut\u00e9 de la Namibie.<\/h3>\n<\/div><div class=\"fusion-clearfix\"><\/div><\/div><\/div><div class=\"fusion-layout-column fusion_builder_column fusion-builder-column-10 fusion_builder_column_1_6 1_6 fusion-one-sixth fusion-column-last\" style=\"--awb-bg-size:cover;width:13.3333%;\"><div class=\"fusion-column-wrapper fusion-flex-column-wrapper-legacy\"><div class=\"fusion-clearfix\"><\/div><\/div><\/div><div class=\"fusion-layout-column fusion_builder_column fusion-builder-column-11 fusion_builder_column_1_1 1_1 fusion-one-full fusion-column-first fusion-column-last fusion-column-no-min-height\" style=\"--awb-bg-size:cover;--awb-margin-bottom:0px;\"><div class=\"fusion-column-wrapper fusion-flex-column-wrapper-legacy\"><div class=\"fusion-sep-clear\"><\/div><div class=\"fusion-separator\" style=\"margin-left: auto;margin-right: auto;margin-bottom:40px;width:100%;max-width:170px;\"><\/div><div class=\"fusion-sep-clear\"><\/div><div class=\"fusion-clearfix\"><\/div><\/div><\/div><div class=\"fusion-layout-column fusion_builder_column fusion-builder-column-12 fusion_builder_column_1_3 1_3 fusion-one-third fusion-column-first\" style=\"--awb-padding-top:30px;--awb-padding-right:30px;--awb-padding-bottom:30px;--awb-padding-left:30px;--awb-bg-color:rgba(255,255,255,.6);--awb-bg-color-hover:rgba(255,255,255,.6);--awb-bg-size:cover;width:30.6666%; margin-right: 4%;\"><div class=\"fusion-column-wrapper fusion-flex-column-wrapper-legacy\"><div class=\"fusion-image-element fusion-image-align-center in-legacy-container\" style=\"text-align:center;--awb-caption-title-font-family:var(--h2_typography-font-family);--awb-caption-title-font-weight:var(--h2_typography-font-weight);--awb-caption-title-font-style:var(--h2_typography-font-style);--awb-caption-title-size:var(--h2_typography-font-size);--awb-caption-title-transform:var(--h2_typography-text-transform);--awb-caption-title-line-height:var(--h2_typography-line-height);--awb-caption-title-letter-spacing:var(--h2_typography-letter-spacing);\"><div class=\"imageframe-align-center\"><span class=\" fusion-imageframe imageframe-none imageframe-1 hover-type-none\"><img decoding=\"async\" width=\"400\" height=\"466\" title=\"team_sigurd\" src=\"https:\/\/www.zighenzani.com\/wp-content\/uploads\/2019\/02\/team_sigurd.jpg\" alt class=\"img-responsive wp-image-1812\" srcset=\"https:\/\/www.zighenzani.com\/wp-content\/uploads\/2019\/02\/team_sigurd-200x233.jpg 200w, https:\/\/www.zighenzani.com\/wp-content\/uploads\/2019\/02\/team_sigurd.jpg 400w\" sizes=\"(max-width: 800px) 100vw, 400px\" \/><\/span><\/div><\/div><div class=\"fusion-text fusion-text-8\"><h3 style=\"text-align: center; color: #333333; margin-bottom: 0px;\">Sigurd Hess<\/h3>\n<h4 style=\"text-align: center; margin-top: 0px;\">Propri\u00e9taire et chasseur professionnel<\/h4>\n<\/div><div class=\"fusion-text fusion-text-9\"><p style=\"text-align: center;\">Depuis son enfance, Sigurd est un chasseur. Depuis 2010, \u00ab\u00a0Sigi\u00a0\u00bb g\u00e8re la ferme \u201cGarib\u201c avec sa famille. En tant que propri\u00e9taire d&rsquo;une licence de gros gibier, Sigurd guide les chasseurs h\u00f4tes dans tout le pays, en Namibie et en Zambie.<\/p>\n<\/div><div class=\"fusion-sep-clear\"><\/div><div class=\"fusion-separator\" style=\"margin-left: auto;margin-right: auto;margin-top:7px;width:100%;max-width:170px;\"><\/div><div class=\"fusion-sep-clear\"><\/div><div class=\"fusion-clearfix\"><\/div><\/div><\/div><div class=\"fusion-layout-column fusion_builder_column fusion-builder-column-13 fusion_builder_column_1_3 1_3 fusion-one-third\" style=\"--awb-padding-top:30px;--awb-padding-right:30px;--awb-padding-bottom:30px;--awb-padding-left:30px;--awb-bg-color:rgba(255,255,255,.6);--awb-bg-color-hover:rgba(255,255,255,.6);--awb-bg-size:cover;width:30.6666%; margin-right: 4%;\"><div class=\"fusion-column-wrapper fusion-flex-column-wrapper-legacy\"><div class=\"fusion-image-element fusion-image-align-center in-legacy-container\" style=\"text-align:center;--awb-caption-title-font-family:var(--h2_typography-font-family);--awb-caption-title-font-weight:var(--h2_typography-font-weight);--awb-caption-title-font-style:var(--h2_typography-font-style);--awb-caption-title-size:var(--h2_typography-font-size);--awb-caption-title-transform:var(--h2_typography-text-transform);--awb-caption-title-line-height:var(--h2_typography-line-height);--awb-caption-title-letter-spacing:var(--h2_typography-letter-spacing);\"><div class=\"imageframe-align-center\"><span class=\" fusion-imageframe imageframe-none imageframe-2 hover-type-none\"><img decoding=\"async\" width=\"400\" height=\"466\" title=\"team_henning\" src=\"https:\/\/www.zighenzani.com\/wp-content\/uploads\/2019\/02\/team_henning.jpg\" alt class=\"img-responsive wp-image-1811\" srcset=\"https:\/\/www.zighenzani.com\/wp-content\/uploads\/2019\/02\/team_henning-200x233.jpg 200w, https:\/\/www.zighenzani.com\/wp-content\/uploads\/2019\/02\/team_henning.jpg 400w\" sizes=\"(max-width: 800px) 100vw, 400px\" \/><\/span><\/div><\/div><div class=\"fusion-text fusion-text-10\"><h3 style=\"text-align: center; color: #333333; margin-bottom: 0px;\">Henning Sch\u00fcnemann<\/h3>\n<h4 style=\"text-align: center; margin-top: 0px;\">Propri\u00e9taire et chasseur professionnel<\/h4>\n<\/div><div class=\"fusion-text fusion-text-11\"><p style=\"text-align: center;\">Henning g\u00e8re l&rsquo;\u00e9levage de b\u00e9tail sur la ferme \u201cOkowiruru-Nord\u201c avec sa famille.<br \/>\nIl est agronome dipl\u00f4m\u00e9 et chasseur professionnel. Il poss\u00e8de \u00e9galement la licence namibienne pour la chasse au gros gibier et guide des chasses dans toute la Namibie si n\u00e9cessaire.<\/p>\n<\/div><div class=\"fusion-sep-clear\"><\/div><div class=\"fusion-separator\" style=\"margin-left: auto;margin-right: auto;margin-top:7px;width:100%;max-width:170px;\"><\/div><div class=\"fusion-sep-clear\"><\/div><div class=\"fusion-clearfix\"><\/div><\/div><\/div><div class=\"fusion-layout-column fusion_builder_column fusion-builder-column-14 fusion_builder_column_1_3 1_3 fusion-one-third fusion-column-last\" style=\"--awb-padding-top:30px;--awb-padding-right:30px;--awb-padding-bottom:30px;--awb-padding-left:30px;--awb-bg-color:rgba(255,255,255,.6);--awb-bg-color-hover:rgba(255,255,255,.6);--awb-bg-size:cover;width:30.6666%;\"><div class=\"fusion-column-wrapper fusion-flex-column-wrapper-legacy\"><div class=\"fusion-image-element fusion-image-align-center in-legacy-container\" style=\"text-align:center;--awb-caption-title-font-family:var(--h2_typography-font-family);--awb-caption-title-font-weight:var(--h2_typography-font-weight);--awb-caption-title-font-style:var(--h2_typography-font-style);--awb-caption-title-size:var(--h2_typography-font-size);--awb-caption-title-transform:var(--h2_typography-text-transform);--awb-caption-title-line-height:var(--h2_typography-line-height);--awb-caption-title-letter-spacing:var(--h2_typography-letter-spacing);\"><div class=\"imageframe-align-center\"><span class=\" fusion-imageframe imageframe-none imageframe-3 hover-type-none\"><img decoding=\"async\" width=\"1024\" height=\"777\" title=\"Zighenzani Hunting Guide\" src=\"https:\/\/www.zighenzani.com\/wp-content\/uploads\/2019\/03\/Screenshot-468-1024x777.png\" alt class=\"img-responsive wp-image-1280\" srcset=\"https:\/\/www.zighenzani.com\/wp-content\/uploads\/2019\/03\/Screenshot-468-200x152.png 200w, https:\/\/www.zighenzani.com\/wp-content\/uploads\/2019\/03\/Screenshot-468-400x304.png 400w, https:\/\/www.zighenzani.com\/wp-content\/uploads\/2019\/03\/Screenshot-468-600x455.png 600w, https:\/\/www.zighenzani.com\/wp-content\/uploads\/2019\/03\/Screenshot-468-800x607.png 800w, https:\/\/www.zighenzani.com\/wp-content\/uploads\/2019\/03\/Screenshot-468-1200x911.png 1200w, https:\/\/www.zighenzani.com\/wp-content\/uploads\/2019\/03\/Screenshot-468.png 1423w\" sizes=\"(max-width: 800px) 100vw, 400px\" \/><\/span><\/div><\/div><div class=\"fusion-text fusion-text-12\"><h3 style=\"text-align: center; color: #333333; margin-bottom: 0px;\">Des \u00e9quipes comp\u00e9tentes<\/h3>\n<h4 style=\"text-align: center; margin-top: 0px;\">Guides de chasse et personnel<\/h4>\n<\/div><div class=\"fusion-text fusion-text-13\"><p style=\"text-align: center;\">Nous comptons sur une \u00e9quipe de guides de chasse, de pisteurs et de personnels de service \u00e0 la ferme ou au camp exp\u00e9riment\u00e9s. Nos chiens de chasse font \u00e9galement partie de l&rsquo;\u00e9quipe et peuvent \u00eatre employ\u00e9s, si n\u00e9cessaire, pour la recherche du gibier bless\u00e9.<\/p>\n<\/div><div class=\"fusion-sep-clear\"><\/div><div class=\"fusion-separator\" style=\"margin-left: auto;margin-right: auto;margin-top:7px;width:100%;max-width:170px;\"><\/div><div class=\"fusion-sep-clear\"><\/div><div class=\"fusion-clearfix\"><\/div><\/div><\/div><\/div><\/div><\/div><div id=\"partners\" class=\"fusion-container-anchor\"><div class=\"fusion-bg-parallax\" data-bg-align=\"center center\" data-direction=\"up\" data-mute=\"false\" data-opacity=\"100\" data-velocity=\"-0.3\" data-mobile-enabled=\"false\" data-break_parents=\"0\" data-bg-image=\"https:\/\/www.zighenzani.com\/wp-content\/uploads\/2019\/02\/ueber-uns_partner.jpg\" data-bg-repeat=\"false\" data-bg-color=\"#f0f0ed\" ><\/div><div class=\"fusion-fullwidth fullwidth-box fusion-builder-row-4 fusion-parallax-up nonhundred-percent-fullwidth non-hundred-percent-height-scrolling\" style=\"--awb-border-radius-top-left:0px;--awb-border-radius-top-right:0px;--awb-border-radius-bottom-right:0px;--awb-border-radius-bottom-left:0px;--awb-padding-top:110px;--awb-padding-bottom:110px;--awb-background-color:#f0f0ed;--awb-background-image:url(&quot;https:\/\/www.zighenzani.com\/wp-content\/uploads\/2019\/02\/ueber-uns_partner.jpg&quot;);--awb-background-size:cover;--awb-border-sizes-top:0px;--awb-border-sizes-bottom:0px;--awb-flex-wrap:wrap;\" ><div class=\"fusion-builder-row fusion-row\"><div class=\"fusion-layout-column fusion_builder_column fusion-builder-column-15 fusion_builder_column_1_1 1_1 fusion-one-full fusion-column-first fusion-column-last fusion-column-no-min-height\" style=\"--awb-bg-size:cover;--awb-margin-bottom:0px;\"><div class=\"fusion-column-wrapper fusion-flex-column-wrapper-legacy\"><div class=\"fusion-text fusion-text-14\"><h1 style=\"text-align: center; text-transform: uppercase;\"><span style=\"color: #ffffff;\">Nos partenaires<\/span><\/h1>\n<\/div><div class=\"fusion-sep-clear\"><\/div><div class=\"fusion-separator\" style=\"margin-left: auto;margin-right: auto;margin-bottom:40px;width:100%;max-width:170px;\"><div class=\"fusion-separator-border sep-single sep-solid\" style=\"--awb-height:20px;--awb-amount:20px;--awb-sep-color:#ffffff;border-color:#ffffff;border-top-width:1px;\"><\/div><\/div><div class=\"fusion-sep-clear\"><\/div><div class=\"fusion-clearfix\"><\/div><\/div><\/div><div class=\"fusion-layout-column fusion_builder_column fusion-builder-column-16 fusion_builder_column_1_6 1_6 fusion-one-sixth fusion-column-first\" style=\"--awb-bg-size:cover;width:13.3333%; margin-right: 4%;\"><div class=\"fusion-column-wrapper fusion-flex-column-wrapper-legacy\"><div class=\"fusion-clearfix\"><\/div><\/div><\/div><div class=\"fusion-layout-column fusion_builder_column fusion-builder-column-17 fusion_builder_column_2_3 2_3 fusion-two-third\" style=\"--awb-bg-size:cover;width:65.3333%; margin-right: 4%;\"><div class=\"fusion-column-wrapper fusion-flex-column-wrapper-legacy\"><div class=\"fusion-text fusion-text-15\"><h3 style=\"text-align: center;\"><span style=\"color: #ffffff;\">Nous recommandons et soutenons nos partenaires de longue date pour les voyages et la chasse en Namibie<\/span><\/h3>\n<\/div><div class=\"fusion-clearfix\"><\/div><\/div><\/div><div class=\"fusion-layout-column fusion_builder_column fusion-builder-column-18 fusion_builder_column_1_6 1_6 fusion-one-sixth fusion-column-last\" style=\"--awb-bg-size:cover;width:13.3333%;\"><div class=\"fusion-column-wrapper fusion-flex-column-wrapper-legacy\"><div class=\"fusion-clearfix\"><\/div><\/div><\/div><div class=\"fusion-layout-column fusion_builder_column fusion-builder-column-19 fusion_builder_column_1_1 1_1 fusion-one-full fusion-column-first fusion-column-last fusion-column-no-min-height\" style=\"--awb-bg-size:cover;--awb-margin-bottom:0px;\"><div class=\"fusion-column-wrapper fusion-flex-column-wrapper-legacy\"><div class=\"fusion-sep-clear\"><\/div><div class=\"fusion-separator\" style=\"margin-left: auto;margin-right: auto;margin-top:20px;margin-bottom:20px;width:100%;max-width:170px;\"><\/div><div class=\"fusion-sep-clear\"><\/div><div class=\"fusion-clearfix\"><\/div><\/div><\/div><div class=\"fusion-layout-column fusion_builder_column fusion-builder-column-20 fusion_builder_column_1_1 1_1 fusion-one-full fusion-column-first fusion-column-last fusion-column-no-min-height\" style=\"--awb-bg-size:cover;--awb-margin-bottom:0px;\"><div class=\"fusion-column-wrapper fusion-flex-column-wrapper-legacy\"><div class=\"fusion-image-carousel fusion-image-carousel-auto fusion-image-carousel-1\"><div class=\"awb-carousel awb-swiper awb-swiper-carousel\" data-autoplay=\"yes\" data-columns=\"4\" data-itemmargin=\"45\" data-itemwidth=\"180\" data-touchscroll=\"no\" data-imagesize=\"auto\" data-scrollitems=\"1\" style=\"--awb-columns:4;--awb-column-spacing:45px;\"><div class=\"swiper-wrapper awb-image-carousel-wrapper fusion-flex-align-items-center\"><div class=\"swiper-slide\"><div class=\"fusion-carousel-item-wrapper\"><div class=\"fusion-image-wrapper hover-type-none\"><a href=\"http:\/\/www.napha-namibia.com\/home\/\" target=\"_blank\" rel=\"noopener noreferrer\"><img decoding=\"async\" width=\"136\" height=\"136\" src=\"https:\/\/www.zighenzani.com\/wp-content\/uploads\/2019\/02\/partner_napha.png\" class=\"attachment-full size-full\" alt=\"\" \/><\/a><\/div><\/div><\/div><div class=\"swiper-slide\"><div class=\"fusion-carousel-item-wrapper\"><div class=\"fusion-image-wrapper hover-type-none\"><a href=\"http:\/\/www.capricorn-tours.com\/\" target=\"_blank\" rel=\"noopener noreferrer\"><img decoding=\"async\" width=\"269\" height=\"91\" src=\"https:\/\/www.zighenzani.com\/wp-content\/uploads\/2019\/02\/carousel_capricorn.png\" class=\"attachment-full size-full\" alt=\"\" srcset=\"https:\/\/www.zighenzani.com\/wp-content\/uploads\/2019\/02\/carousel_capricorn-200x68.png 200w, https:\/\/www.zighenzani.com\/wp-content\/uploads\/2019\/02\/carousel_capricorn.png 269w\" sizes=\"(min-width: 2200px) 100vw, (min-width: 915px) 259px, (min-width: 824px) 345px, (min-width: 732px) 518px, (min-width: 640px) 732px, \" \/><\/a><\/div><\/div><\/div><div class=\"swiper-slide\"><div class=\"fusion-carousel-item-wrapper\"><div class=\"fusion-image-wrapper hover-type-none\"><a href=\"http:\/\/www.erongo-verzeichnis.com\/\" target=\"_blank\" rel=\"noopener noreferrer\"><img decoding=\"async\" width=\"136\" height=\"136\" src=\"https:\/\/www.zighenzani.com\/wp-content\/uploads\/2019\/02\/partner_erongo.png\" class=\"attachment-full size-full\" alt=\"\" \/><\/a><\/div><\/div><\/div><div class=\"swiper-slide\"><div class=\"fusion-carousel-item-wrapper\"><div class=\"fusion-image-wrapper hover-type-none\"><a href=\"http:\/\/www.airnamibia.com\/\" target=\"_blank\" rel=\"noopener noreferrer\"><img decoding=\"async\" width=\"400\" height=\"136\" src=\"https:\/\/www.zighenzani.com\/wp-content\/uploads\/2019\/03\/partner_airnamibia.png\" class=\"attachment-full size-full\" alt=\"Testtest\" srcset=\"https:\/\/www.zighenzani.com\/wp-content\/uploads\/2019\/03\/partner_airnamibia-200x68.png 200w, https:\/\/www.zighenzani.com\/wp-content\/uploads\/2019\/03\/partner_airnamibia.png 400w\" sizes=\"(min-width: 2200px) 100vw, (min-width: 915px) 259px, (min-width: 824px) 345px, (min-width: 732px) 518px, (min-width: 640px) 732px, \" \/><\/a><\/div><\/div><\/div><div class=\"swiper-slide\"><div class=\"fusion-carousel-item-wrapper\"><div class=\"fusion-image-wrapper hover-type-none\"><a href=\"https:\/\/www.buechsenmacher-schiller.de\/\" target=\"_blank\" rel=\"noopener noreferrer\"><img decoding=\"async\" width=\"258\" height=\"140\" src=\"https:\/\/www.zighenzani.com\/wp-content\/uploads\/2019\/02\/partner_schiller.png\" class=\"attachment-full size-full\" alt=\"\" srcset=\"https:\/\/www.zighenzani.com\/wp-content\/uploads\/2019\/02\/partner_schiller-200x109.png 200w, https:\/\/www.zighenzani.com\/wp-content\/uploads\/2019\/02\/partner_schiller.png 258w\" sizes=\"(min-width: 2200px) 100vw, (min-width: 915px) 259px, (min-width: 824px) 345px, (min-width: 732px) 518px, (min-width: 640px) 732px, \" \/><\/a><\/div><\/div><\/div><\/div><\/div><\/div><div class=\"fusion-clearfix\"><\/div><\/div><\/div><\/div><\/div><\/div><\/p>\n","protected":false},"excerpt":{"rendered":"","protected":false},"author":1,"featured_media":0,"parent":0,"menu_order":4,"comment_status":"closed","ping_status":"closed","template":"100-width.php","meta":{"footnotes":""},"_links":{"self":[{"href":"https:\/\/www.zighenzani.com\/fr\/wp-json\/wp\/v2\/pages\/1794"}],"collection":[{"href":"https:\/\/www.zighenzani.com\/fr\/wp-json\/wp\/v2\/pages"}],"about":[{"href":"https:\/\/www.zighenzani.com\/fr\/wp-json\/wp\/v2\/types\/page"}],"author":[{"embeddable":true,"href":"https:\/\/www.zighenzani.com\/fr\/wp-json\/wp\/v2\/users\/1"}],"replies":[{"embeddable":true,"href":"https:\/\/www.zighenzani.com\/fr\/wp-json\/wp\/v2\/comments?post=1794"}],"version-history":[{"count":1,"href":"https:\/\/www.zighenzani.com\/fr\/wp-json\/wp\/v2\/pages\/1794\/revisions"}],"predecessor-version":[{"id":1814,"href":"https:\/\/www.zighenzani.com\/fr\/wp-json\/wp\/v2\/pages\/1794\/revisions\/1814"}],"wp:attachment":[{"href":"https:\/\/www.zighenzani.com\/fr\/wp-json\/wp\/v2\/media?parent=1794"}],"curies":[{"name":"wp","href":"https:\/\/api.w.org\/{rel}","templated":true}]}}