{"id":1738,"date":"2019-09-09T15:58:22","date_gmt":"2019-09-09T13:58:22","guid":{"rendered":"https:\/\/www.zighenzani.com\/informations-sur-la-chasse\/"},"modified":"2019-09-09T15:58:23","modified_gmt":"2019-09-09T13:58:23","slug":"informations-sur-la-chasse","status":"publish","type":"page","link":"https:\/\/www.zighenzani.com\/fr\/informations-sur-la-chasse\/","title":{"rendered":"Informations sur la chasse"},"content":{"rendered":"<p><div id=\"jagd_in_namibia\" class=\"fusion-container-anchor\"><div class=\"fusion-fullwidth fullwidth-box fusion-builder-row-1 hundred-percent-fullwidth non-hundred-percent-height-scrolling fusion-equal-height-columns\" style=\"--awb-background-position:left top;--awb-border-radius-top-left:0px;--awb-border-radius-top-right:0px;--awb-border-radius-bottom-right:0px;--awb-border-radius-bottom-left:0px;--awb-padding-top:90px;--awb-padding-right:0px;--awb-padding-bottom:0px;--awb-padding-left:0px;--awb-border-sizes-top:0px;--awb-border-sizes-bottom:0px;--awb-flex-wrap:wrap;\" ><div class=\"fusion-builder-row fusion-row\"><div class=\"fusion-layout-column fusion_builder_column fusion-builder-column-0 fusion_builder_column_1_2 1_2 fusion-one-half fusion-column-first\" style=\"--awb-padding-top:30px;--awb-padding-right:30px;--awb-padding-bottom:30px;--awb-padding-left:15%;--awb-bg-size:cover;width:48%; margin-right: 4%;\"><div class=\"fusion-column-wrapper fusion-flex-column-wrapper-legacy\"><div class=\"fusion-text fusion-text-1\"><h1 style=\"text-align: right; margin-top: 0px; text-transform: uppercase;\">Chasse en Namibie<\/h1>\n<\/div><div class=\"fusion-sep-clear\"><\/div><div class=\"fusion-separator fusion-clearfix separator-right\" style=\"float:right;margin-top:0px;margin-bottom:30px;width:100%;max-width:170px;\"><div class=\"fusion-separator-border sep-single sep-solid\" style=\"--awb-height:20px;--awb-amount:20px;--awb-sep-color:#000000;border-color:#000000;border-top-width:1px;\"><\/div><\/div><div class=\"fusion-sep-clear\"><\/div><div class=\"fusion-text fusion-text-2\"><h3 style=\"text-align: right;\">De vastes \u00e9tendues sauvages et d\u00e9sertes, des esp\u00e8ces de gibier embl\u00e9matiques comme le Grand Koudou attirent des chasseurs du monde entier en Namibie. Nous chassons avec vous selon les directives du \u201cErongo Verzeichnis\u201c authentique et loyal.<\/h3>\n<\/div><div class=\"fusion-clearfix\"><\/div><\/div><\/div><div class=\"fusion-layout-column fusion_builder_column fusion-builder-column-1 fusion_builder_column_1_2 1_2 fusion-one-half fusion-column-last\" style=\"--awb-bg-image:url(&#039;https:\/\/www.zighenzani.com\/wp-content\/uploads\/2019\/02\/jagdinfos_jagd_in_namibia_.jpg&#039;);--awb-bg-position:center center;--awb-bg-size:cover;width:48%;\"><div class=\"fusion-column-wrapper fusion-flex-column-wrapper-legacy fusion-empty-column-bg-image fusion-column-has-bg-image\" data-bg-url=\"https:\/\/www.zighenzani.com\/wp-content\/uploads\/2019\/02\/jagdinfos_jagd_in_namibia_.jpg\"><img decoding=\"async\" class=\"fusion-empty-dims-img-placeholder fusion-no-large-visibility\" src=\"data:image\/svg+xml,%3Csvg%20xmlns%3D%27http%3A%2F%2Fwww.w3.org%2F2000%2Fsvg%27%20width%3D%271250%27%20height%3D%27300%27%20viewBox%3D%270%200%201250%20300%27%3E%3Crect%20width%3D%271250%27%20height%3D%27300%27%20fill-opacity%3D%220%22%2F%3E%3C%2Fsvg%3E\"><div class=\"fusion-clearfix\"><\/div><\/div><\/div><\/div><\/div><\/div><div class=\"fusion-fullwidth fullwidth-box fusion-builder-row-2 nonhundred-percent-fullwidth non-hundred-percent-height-scrolling\" style=\"--awb-background-position:left top;--awb-border-radius-top-left:0px;--awb-border-radius-top-right:0px;--awb-border-radius-bottom-right:0px;--awb-border-radius-bottom-left:0px;--awb-padding-top:20px;--awb-padding-bottom:65px;--awb-border-sizes-top:0px;--awb-border-sizes-bottom:0px;--awb-flex-wrap:wrap;\" ><div class=\"fusion-builder-row fusion-row\"><div class=\"fusion-layout-column fusion_builder_column fusion-builder-column-2 fusion_builder_column_1_2 1_2 fusion-one-half fusion-column-first\" style=\"--awb-bg-size:cover;width:48%; margin-right: 4%;\"><div class=\"fusion-column-wrapper fusion-flex-column-wrapper-legacy\"><div class=\"fusion-text fusion-text-3\"><p>L\u2018 \u201cErongo Verzeichnis\u201c est destin\u00e9 \u00e0 encourager la protection de vastes zones de nature vierge avec la richesse naturelle de la faune, y compris les pr\u00e9dateurs, \u00e0 encourager la chasse au troph\u00e9e en tant qu\u2019utilisation respectueuse des ressources naturelles, \u00e0 en reconna\u00eetre non seulement l\u2018 importance pour la m\u00e9moire, mais \u00e9galement pour sa valeur esth\u00e9tique et d\u00e9corative.<\/p>\n<p>L&rsquo;\u00e2ge du troph\u00e9e est particuli\u00e8rement mis en \u00e9vidence dans les directives d&rsquo;\u00e9valuation. Le but est de chasser un vieil, et m\u00eame un tr\u00e8s vieil animal, qui est parvenu \u00e0 son apog\u00e9e. Cela garantit des avantages biologiques pour l&rsquo;esp\u00e8ce et rend la chasse particuli\u00e8rement attrayante et utile.<\/p>\n<\/div><div class=\"fusion-clearfix\"><\/div><\/div><\/div><div class=\"fusion-layout-column fusion_builder_column fusion-builder-column-3 fusion_builder_column_1_2 1_2 fusion-one-half fusion-column-last\" style=\"--awb-bg-size:cover;width:48%;\"><div class=\"fusion-column-wrapper fusion-flex-column-wrapper-legacy\"><div class=\"fusion-text fusion-text-4\"><p>Les directives suivantes sont bas\u00e9es sur l \u201cErongo Verzeichnis\u201c:<\/p>\n<\/div><div class=\"fusion-sep-clear\"><\/div><div class=\"fusion-separator fusion-full-width-sep\" style=\"margin-left: auto;margin-right: auto;margin-top:13px;margin-bottom:10px;width:100%;\"><\/div><div class=\"fusion-sep-clear\"><\/div><ul style=\"--awb-size:15px;--awb-iconcolor:#5a4f4a;--awb-line-height:25.5px;--awb-icon-width:25.5px;--awb-icon-height:25.5px;--awb-icon-margin:10.5px;--awb-content-margin:36px;\" class=\"fusion-checklist fusion-checklist-1 fusion-checklist-default type-icons\"><li class=\"fusion-li-item\" style=\"\"><span class=\"icon-wrapper circle-no\"><i class=\"fusion-li-icon fa-arrow-alt-circle-right fas\" aria-hidden=\"true\"><\/i><\/span><div class=\"fusion-li-item-content\">Seuls les troph\u00e9es pr\u00e9lev\u00e9s dans l&rsquo;aire de r\u00e9partition naturelle et historique de l&rsquo;esp\u00e8ce concern\u00e9e sont admissibles \u00e0 l&rsquo;enregistrement.<\/div><\/li><li class=\"fusion-li-item\" style=\"\"><span class=\"icon-wrapper circle-no\"><i class=\"fusion-li-icon fa-arrow-alt-circle-right fas\" aria-hidden=\"true\"><\/i><\/span><div class=\"fusion-li-item-content\">Seuls les troph\u00e9es pr\u00e9lev\u00e9s dans une zone de chasse o\u00f9 les animaux sauvages peuvent \u00e9chapper au chasseur au-del\u00e0 des limites de la zone sont admissibles \u00e0 l&rsquo;enregistrement.<\/div><\/li><li class=\"fusion-li-item\" style=\"\"><span class=\"icon-wrapper circle-no\"><i class=\"fusion-li-icon fa-arrow-alt-circle-right fas\" aria-hidden=\"true\"><\/i><\/span><div class=\"fusion-li-item-content\">Seuls les troph\u00e9es pr\u00e9lev\u00e9s dans une r\u00e9gion o\u00f9 au moins une des cinq grandes esp\u00e8ces de carnivores africains (lions, l\u00e9opards, gu\u00e9pards, hy\u00e8nes et hy\u00e8nes macul\u00e9es) ont prouv\u00e9 qu&rsquo;ils pouvaient r\u00e9guler les populations d\u2018animaux sauvages sont admissibles \u00e0 l&rsquo;enregistrement.<\/div><\/li><\/ul><div class=\"fusion-clearfix\"><\/div><\/div><\/div><\/div><\/div><div id=\"jagdpermit\" class=\"fusion-container-anchor\"><div class=\"fusion-fullwidth fullwidth-box fusion-builder-row-3 nonhundred-percent-fullwidth non-hundred-percent-height-scrolling\" style=\"--awb-background-position:left top;--awb-border-radius-top-left:0px;--awb-border-radius-top-right:0px;--awb-border-radius-bottom-right:0px;--awb-border-radius-bottom-left:0px;--awb-padding-top:60px;--awb-padding-bottom:85px;--awb-background-color:#f0f0ed;--awb-border-sizes-top:0px;--awb-border-sizes-bottom:0px;--awb-flex-wrap:wrap;\" ><div class=\"fusion-builder-row fusion-row\"><div class=\"fusion-layout-column fusion_builder_column fusion-builder-column-4 fusion_builder_column_1_1 1_1 fusion-one-full fusion-column-first fusion-column-last fusion-column-no-min-height\" style=\"--awb-bg-size:cover;--awb-margin-bottom:0px;\"><div class=\"fusion-column-wrapper fusion-flex-column-wrapper-legacy\"><div class=\"fusion-text fusion-text-5\"><h1 style=\"text-align: center; text-transform: uppercase;\">Permis de chasse<\/h1>\n<\/div><div class=\"fusion-sep-clear\"><\/div><div class=\"fusion-separator\" style=\"margin-left: auto;margin-right: auto;margin-bottom:40px;width:100%;max-width:170px;\"><div class=\"fusion-separator-border sep-single sep-solid\" style=\"--awb-height:20px;--awb-amount:20px;--awb-sep-color:#000000;border-color:#000000;border-top-width:1px;\"><\/div><\/div><div class=\"fusion-sep-clear\"><\/div><div class=\"fusion-clearfix\"><\/div><\/div><\/div><div class=\"fusion-layout-column fusion_builder_column fusion-builder-column-5 fusion_builder_column_1_1 1_1 fusion-one-full fusion-column-first fusion-column-last fusion-column-no-min-height\" style=\"--awb-bg-size:cover;--awb-margin-bottom:0px;\"><div class=\"fusion-column-wrapper fusion-flex-column-wrapper-legacy\"><div class=\"fusion-sep-clear\"><\/div><div class=\"fusion-separator\" style=\"margin-left: auto;margin-right: auto;margin-bottom:40px;width:100%;max-width:170px;\"><\/div><div class=\"fusion-sep-clear\"><\/div><div class=\"fusion-clearfix\"><\/div><\/div><\/div><div class=\"fusion-layout-column fusion_builder_column fusion-builder-column-6 fusion_builder_column_1_2 1_2 fusion-one-half fusion-column-first\" style=\"--awb-bg-size:cover;width:48%; margin-right: 4%;\"><div class=\"fusion-column-wrapper fusion-flex-column-wrapper-legacy\"><div class=\"fusion-text fusion-text-6\"><p>Nous sommes membres de la NAPHA (Association des chasseurs professionnels de Namibie). La saison de la chasse aux troph\u00e9es en Namibie commence le 1er F\u00e9vrier et se termine le 30 Novembre. Nous demandons  pour vous un permis de chasse au troph\u00e9e avant votre chasse aupr\u00e8s du Minist\u00e8re de l&rsquo;Environnement et de la Conservation de la Nature. Pour cela, nous avons besoin d&rsquo;une copie de votre passeport en cours de validit\u00e9 et de votre adresse compl\u00e8te.<br \/>\nLe permis vous permet de chasser les  troph\u00e9es envisag\u00e9s et de les ramener dans votre pays d&rsquo;origine. Tous les troph\u00e9es pr\u00e9lev\u00e9s doivent \u00eatre v\u00e9rifi\u00e9s par le chasseur et le guide de chasse, ou le chasseur professionnel, \u00e0 la fin de la chasse et contresign\u00e9s sur le permis de chasse au troph\u00e9e.<\/p>\n<p>Tous les visiteurs se rendant en Namibie  doivent  \u00eatre en possession d&rsquo;un passeport en cours de validit\u00e9 six mois pr\u00e8s la date de retour. Les permis de \u00ab\u00a0r\u00e9sidence temporaire\u00a0\u00bb pour les visiteurs sont d\u00e9livr\u00e9s \u00e0 l&rsquo;a\u00e9roport et donnent droit \u00e0 un s\u00e9jour de 90 jours par an.<\/p>\n<\/div><div class=\"fusion-clearfix\"><\/div><\/div><\/div><div class=\"fusion-layout-column fusion_builder_column fusion-builder-column-7 fusion_builder_column_1_2 1_2 fusion-one-half fusion-column-last\" style=\"--awb-bg-size:cover;width:48%;\"><div class=\"fusion-column-wrapper fusion-flex-column-wrapper-legacy\"><div class=\"fusion-text fusion-text-7\"><p>Les touristes et voyageurs d&rsquo;affaires des pays suivants sont exon\u00e9r\u00e9s de cette mesure: Angola, Autriche, Belgique, Botswana, Canada, France, Allemagne, Irlande, Italie, Japon, Liechtenstein, Luxembourg, Pays-Bas, Mozambique, Russie, Singapour, Afrique du Sud, Suisse, Tanzanie, Royaume-Uni, \u00c9tats-Unis d&rsquo;Am\u00e9rique, Zimbabwe.<\/p>\n<p>Plus d&rsquo;informations peuvent \u00eatre trouv\u00e9es sur le site <a href=\"http:\/\/www.napha-namibia.com\/de\/legal-information\/trophy-hunting-in-namibia\/\" target=\"_blank\" rel=\"noopener\">www.napha-namibia.com<\/a>.<\/p>\n<\/div><div class=\"fusion-clearfix\"><\/div><\/div><\/div><div class=\"fusion-layout-column fusion_builder_column fusion-builder-column-8 fusion_builder_column_1_1 1_1 fusion-one-full fusion-column-first fusion-column-last fusion-column-no-min-height\" style=\"--awb-bg-size:cover;--awb-margin-bottom:0px;\"><div class=\"fusion-column-wrapper fusion-flex-column-wrapper-legacy\"><div class=\"fusion-sep-clear\"><\/div><div class=\"fusion-separator\" style=\"margin-left: auto;margin-right: auto;margin-top:20px;margin-bottom:20px;width:100%;max-width:170px;\"><\/div><div class=\"fusion-sep-clear\"><\/div><div class=\"fusion-aligncenter\"><a class=\"fusion-button button-flat button-large button-default fusion-button-default button-1 fusion-button-default-span fusion-button-default-type\" style=\"--button_text_transform:uppercase;\" target=\"_blank\" rel=\"noopener noreferrer\" href=\"https:\/\/www.zighenzani.com\/wp-content\/uploads\/2019\/03\/weapon_import_permit.pdf\"><span class=\"fusion-button-text\">Download Weapon Import Permit<\/span><\/a><\/div><div class=\"fusion-clearfix\"><\/div><\/div><\/div><\/div><\/div><\/div><div id=\"ausruestung\" class=\"fusion-container-anchor\"><div class=\"fusion-bg-parallax\" data-bg-align=\"center bottom\" data-direction=\"up\" data-mute=\"false\" data-opacity=\"100\" data-velocity=\"-0.3\" data-mobile-enabled=\"false\" data-break_parents=\"0\" data-bg-image=\"https:\/\/www.zighenzani.com\/wp-content\/uploads\/2019\/02\/jagdinfos_2000_slider.jpg\" data-bg-repeat=\"false\" data-bg-color=\"#f0f0ed\" ><\/div><div class=\"fusion-fullwidth fullwidth-box fusion-builder-row-4 fusion-parallax-up nonhundred-percent-fullwidth non-hundred-percent-height-scrolling\" style=\"--awb-background-position:center bottom;--awb-border-radius-top-left:0px;--awb-border-radius-top-right:0px;--awb-border-radius-bottom-right:0px;--awb-border-radius-bottom-left:0px;--awb-padding-top:110px;--awb-padding-bottom:110px;--awb-background-color:#f0f0ed;--awb-background-image:url(&quot;https:\/\/www.zighenzani.com\/wp-content\/uploads\/2019\/02\/jagdinfos_2000_slider.jpg&quot;);--awb-background-size:cover;--awb-border-sizes-top:0px;--awb-border-sizes-bottom:0px;--awb-flex-wrap:wrap;\" ><div class=\"fusion-builder-row fusion-row\"><div class=\"fusion-layout-column fusion_builder_column fusion-builder-column-9 fusion_builder_column_1_1 1_1 fusion-one-full fusion-column-first fusion-column-last fusion-column-no-min-height\" style=\"--awb-bg-size:cover;--awb-margin-bottom:0px;\"><div class=\"fusion-column-wrapper fusion-flex-column-wrapper-legacy\"><div class=\"fusion-text fusion-text-8\"><h1 style=\"text-align: center; text-transform: uppercase;\"><span style=\"color: #ffffff;\">\u00c9quipement<\/span><\/h1>\n<\/div><div class=\"fusion-sep-clear\"><\/div><div class=\"fusion-separator\" style=\"margin-left: auto;margin-right: auto;margin-bottom:40px;width:100%;max-width:170px;\"><div class=\"fusion-separator-border sep-single sep-solid\" style=\"--awb-height:20px;--awb-amount:20px;--awb-sep-color:#ffffff;border-color:#ffffff;border-top-width:1px;\"><\/div><\/div><div class=\"fusion-sep-clear\"><\/div><div class=\"fusion-clearfix\"><\/div><\/div><\/div><div class=\"fusion-layout-column fusion_builder_column fusion-builder-column-10 fusion_builder_column_1_6 1_6 fusion-one-sixth fusion-column-first\" style=\"--awb-bg-size:cover;width:13.3333%; margin-right: 4%;\"><div class=\"fusion-column-wrapper fusion-flex-column-wrapper-legacy\"><div class=\"fusion-clearfix\"><\/div><\/div><\/div><div class=\"fusion-layout-column fusion_builder_column fusion-builder-column-11 fusion_builder_column_2_3 2_3 fusion-two-third\" style=\"--awb-bg-size:cover;width:65.3333%; margin-right: 4%;\"><div class=\"fusion-column-wrapper fusion-flex-column-wrapper-legacy\"><div class=\"fusion-text fusion-text-9\"><h3 style=\"text-align: center;\"><span style=\"color: #ffffff;\"La chasse en Namibie exige un \u00e9quipement appropri\u00e9. La Namibie est un pays difficile en termes de climat et de g\u00e9ographie. Presque tous les arbustes et les arbres sont \u00e9pineux, les gramin\u00e9es ont les ar\u00eates de leurs graines barbel\u00e9es qui percent la laine et les tissus mous. Le sol est dur et sec, sablonneux ou rocheux. Un d\u00e9fi pour le chasseur!<\/span><\/h3>\n<\/div><div class=\"fusion-clearfix\"><\/div><\/div><\/div><div class=\"fusion-layout-column fusion_builder_column fusion-builder-column-12 fusion_builder_column_1_6 1_6 fusion-one-sixth fusion-column-last\" style=\"--awb-bg-size:cover;width:13.3333%;\"><div class=\"fusion-column-wrapper fusion-flex-column-wrapper-legacy\"><div class=\"fusion-clearfix\"><\/div><\/div><\/div><div class=\"fusion-layout-column fusion_builder_column fusion-builder-column-13 fusion_builder_column_1_1 1_1 fusion-one-full fusion-column-first fusion-column-last fusion-column-no-min-height\" style=\"--awb-bg-size:cover;--awb-margin-bottom:0px;\"><div class=\"fusion-column-wrapper fusion-flex-column-wrapper-legacy\"><div class=\"fusion-sep-clear\"><\/div><div class=\"fusion-separator\" style=\"margin-left: auto;margin-right: auto;margin-top:20px;margin-bottom:20px;width:100%;max-width:170px;\"><\/div><div class=\"fusion-sep-clear\"><\/div><div class=\"fusion-aligncenter\"><a class=\"fusion-button button-flat button-large button-default fusion-button-default button-2 fusion-button-default-span fusion-button-default-type\" style=\"--button_text_transform:uppercase;\" target=\"_blank\" rel=\"noopener noreferrer\" href=\"https:\/\/www.zighenzani.com\/wp-content\/uploads\/2019\/03\/checkliste_jagdsafari_de.pdf\"><span class=\"fusion-button-text\">T\u00e9l\u00e9charger la composition de l&rsquo;\u00e9quipement<\/span><\/a><\/div><div class=\"fusion-clearfix\"><\/div><\/div><\/div><div class=\"fusion-layout-column fusion_builder_column fusion-builder-column-14 fusion_builder_column_1_1 1_1 fusion-one-full fusion-column-first fusion-column-last fusion-column-no-min-height\" style=\"--awb-bg-size:cover;--awb-margin-bottom:0px;\"><div class=\"fusion-column-wrapper fusion-flex-column-wrapper-legacy\"><div class=\"fusion-sep-clear\"><\/div><div class=\"fusion-separator\" style=\"margin-left: auto;margin-right: auto;margin-top:20px;margin-bottom:20px;width:100%;max-width:170px;\"><\/div><div class=\"fusion-sep-clear\"><\/div><div class=\"fusion-aligncenter\"><a class=\"fusion-button button-flat button-large button-default fusion-button-default button-3 fusion-button-default-span fusion-button-default-type\" style=\"--button_text_transform:uppercase;\" target=\"_blank\" rel=\"noopener noreferrer\" href=\"https:\/\/www.zighenzani.com\/wp-content\/uploads\/2019\/03\/checkliste_zeltsafari_de.pdf\"><span class=\"fusion-button-text\">T\u00e9l\u00e9chargez la comosition de l\u2019\u00e9quipement pour un safari sous la tente<\/span><\/a><\/div><div class=\"fusion-clearfix\"><\/div><\/div><\/div><\/div><\/div><\/div><\/p>\n","protected":false},"excerpt":{"rendered":"","protected":false},"author":1,"featured_media":0,"parent":0,"menu_order":3,"comment_status":"closed","ping_status":"closed","template":"100-width.php","meta":{"footnotes":""},"_links":{"self":[{"href":"https:\/\/www.zighenzani.com\/fr\/wp-json\/wp\/v2\/pages\/1738"}],"collection":[{"href":"https:\/\/www.zighenzani.com\/fr\/wp-json\/wp\/v2\/pages"}],"about":[{"href":"https:\/\/www.zighenzani.com\/fr\/wp-json\/wp\/v2\/types\/page"}],"author":[{"embeddable":true,"href":"https:\/\/www.zighenzani.com\/fr\/wp-json\/wp\/v2\/users\/1"}],"replies":[{"embeddable":true,"href":"https:\/\/www.zighenzani.com\/fr\/wp-json\/wp\/v2\/comments?post=1738"}],"version-history":[{"count":1,"href":"https:\/\/www.zighenzani.com\/fr\/wp-json\/wp\/v2\/pages\/1738\/revisions"}],"predecessor-version":[{"id":1740,"href":"https:\/\/www.zighenzani.com\/fr\/wp-json\/wp\/v2\/pages\/1738\/revisions\/1740"}],"wp:attachment":[{"href":"https:\/\/www.zighenzani.com\/fr\/wp-json\/wp\/v2\/media?parent=1738"}],"curies":[{"name":"wp","href":"https:\/\/api.w.org\/{rel}","templated":true}]}}