{"id":1734,"date":"2019-09-09T15:51:01","date_gmt":"2019-09-09T13:51:01","guid":{"rendered":"https:\/\/www.zighenzani.com\/nouvelles\/"},"modified":"2019-09-10T15:45:12","modified_gmt":"2019-09-10T13:45:12","slug":"nouvelles","status":"publish","type":"page","link":"https:\/\/www.zighenzani.com\/fr\/nouvelles\/","title":{"rendered":"NOUVELLES"},"content":{"rendered":"<p><div class=\"fusion-fullwidth fullwidth-box fusion-builder-row-1 nonhundred-percent-fullwidth non-hundred-percent-height-scrolling\" style=\"--awb-background-position:left top;--awb-border-radius-top-left:0px;--awb-border-radius-top-right:0px;--awb-border-radius-bottom-right:0px;--awb-border-radius-bottom-left:0px;--awb-padding-top:110px;--awb-padding-bottom:13px;--awb-background-color:#f0f0ed;--awb-border-sizes-top:0px;--awb-border-sizes-bottom:0px;--awb-flex-wrap:wrap;\" ><div class=\"fusion-builder-row fusion-row\"><div class=\"fusion-layout-column fusion_builder_column fusion-builder-column-0 fusion_builder_column_1_1 1_1 fusion-one-full fusion-column-first fusion-column-last\" style=\"--awb-bg-size:cover;\"><div class=\"fusion-column-wrapper fusion-flex-column-wrapper-legacy\"><div class=\"fusion-post-slider fusion-flexslider fusion-flexslider-loading flexslider-posts\"><ul class=\"slides\"><li><a href=\"https:\/\/www.zighenzani.com\/fr\/2024\/01\/26\/salon-de-chasse-jagd-hund\/\" aria-label=\"Salon de chasse Jagd &#038; Hund\"><img decoding=\"async\" width=\"2000\" height=\"1333\" class=\"wp-image-1996\" src=\"https:\/\/www.zighenzani.com\/wp-content\/uploads\/2024\/01\/J-H_2023-0419_edited-1.jpg\" alt=\"\" srcset=\"https:\/\/www.zighenzani.com\/wp-content\/uploads\/2024\/01\/J-H_2023-0419_edited-1-200x133.jpg 200w, https:\/\/www.zighenzani.com\/wp-content\/uploads\/2024\/01\/J-H_2023-0419_edited-1-400x267.jpg 400w, https:\/\/www.zighenzani.com\/wp-content\/uploads\/2024\/01\/J-H_2023-0419_edited-1-600x400.jpg 600w, https:\/\/www.zighenzani.com\/wp-content\/uploads\/2024\/01\/J-H_2023-0419_edited-1-800x533.jpg 800w, https:\/\/www.zighenzani.com\/wp-content\/uploads\/2024\/01\/J-H_2023-0419_edited-1-1200x800.jpg 1200w, https:\/\/www.zighenzani.com\/wp-content\/uploads\/2024\/01\/J-H_2023-0419_edited-1.jpg 2000w\" sizes=\"(max-width: 800px) 100vw, 1200px\" \/><\/a><div class=\"slide-excerpt\"><h2><a href=\"https:\/\/www.zighenzani.com\/fr\/2024\/01\/26\/salon-de-chasse-jagd-hund\/\">Salon de chasse Jagd &#038; Hund<\/a><\/h2><\/div><\/li><li><a href=\"https:\/\/www.zighenzani.com\/fr\/2020\/01\/20\/lexposition-de-la-chasse-en-dortmund\/\" aria-label=\"L&rsquo;exposition de la chasse en Dortmund\"><img decoding=\"async\" width=\"3888\" height=\"2592\" class=\"wp-image-1905\" src=\"https:\/\/www.zighenzani.com\/wp-content\/uploads\/2020\/01\/Regenbogen.jpg\" alt=\"\" srcset=\"https:\/\/www.zighenzani.com\/wp-content\/uploads\/2020\/01\/Regenbogen-200x133.jpg 200w, https:\/\/www.zighenzani.com\/wp-content\/uploads\/2020\/01\/Regenbogen-400x267.jpg 400w, https:\/\/www.zighenzani.com\/wp-content\/uploads\/2020\/01\/Regenbogen-600x400.jpg 600w, https:\/\/www.zighenzani.com\/wp-content\/uploads\/2020\/01\/Regenbogen-800x533.jpg 800w, https:\/\/www.zighenzani.com\/wp-content\/uploads\/2020\/01\/Regenbogen-1200x800.jpg 1200w, https:\/\/www.zighenzani.com\/wp-content\/uploads\/2020\/01\/Regenbogen.jpg 3888w\" sizes=\"(max-width: 800px) 100vw, 1200px\" \/><\/a><div class=\"slide-excerpt\"><h2><a href=\"https:\/\/www.zighenzani.com\/fr\/2020\/01\/20\/lexposition-de-la-chasse-en-dortmund\/\">L&rsquo;exposition de la chasse en Dortmund<\/a><\/h2><\/div><\/li><\/ul><\/div><div class=\"fusion-sep-clear\"><\/div><div class=\"fusion-separator fusion-full-width-sep\" style=\"margin-left: auto;margin-right: auto;width:100%;\"><\/div><div class=\"fusion-sep-clear\"><\/div><div class=\"fusion-clearfix\"><\/div><\/div><\/div><\/div><\/div><div class=\"fusion-fullwidth fullwidth-box fusion-builder-row-2 nonhundred-percent-fullwidth non-hundred-percent-height-scrolling\" style=\"--awb-background-position:left top;--awb-border-radius-top-left:0px;--awb-border-radius-top-right:0px;--awb-border-radius-bottom-right:0px;--awb-border-radius-bottom-left:0px;--awb-padding-top:0px;--awb-padding-bottom:60px;--awb-background-color:#f0f0ed;--awb-border-sizes-top:0px;--awb-border-sizes-bottom:0px;--awb-flex-wrap:wrap;\" ><div class=\"fusion-builder-row fusion-row\"><div class=\"fusion-layout-column fusion_builder_column fusion-builder-column-1 fusion_builder_column_1_1 1_1 fusion-one-full fusion-column-first fusion-column-last fusion-column-no-min-height\" style=\"--awb-bg-size:cover;--awb-margin-bottom:0px;\"><div class=\"fusion-column-wrapper fusion-flex-column-wrapper-legacy\"><div class=\"fusion-blog-shortcode fusion-blog-shortcode-1 fusion-blog-archive fusion-blog-layout-grid-wrapper fusion-blog-infinite\"><style type=\"text\/css\">.fusion-blog-shortcode-1 .fusion-blog-layout-grid .fusion-post-grid{padding:20.5px;}.fusion-blog-shortcode-1 .fusion-posts-container{margin-left: -20.5px !important; margin-right:-20.5px !important;}<\/style><div class=\"fusion-posts-container fusion-posts-container-infinite fusion-posts-container-load-more fusion-blog-rollover fusion-blog-layout-grid fusion-blog-layout-grid-3 isotope fusion-blog-equal-heights\" data-pages=\"1\" data-grid-col-space=\"41\" style=\"margin: -20.5px -20.5px 0;min-height:500px;\"><article id=\"blog-1-post-1995\" class=\"fusion-post-grid post-1995 post type-post status-publish format-standard has-post-thumbnail hentry category-unkategorisiert\">\n<div class=\"fusion-post-wrapper\" style=\"background-color:rgba(255,255,255,1);border:1px solid #ebeaea;border-bottom-width:3px;\">\n\n\t\t\t<div class=\"fusion-flexslider flexslider fusion-flexslider-loading fusion-post-slideshow\" style=\"border-color:#ebeaea;\">\n\t\t<ul class=\"slides\">\n\t\t\t\n\t\t\t\t\t\t\t\t\t\t\t\t\t\t<li><div  class=\"fusion-image-wrapper\" aria-haspopup=\"true\">\n\t\t\t\t<img decoding=\"async\" width=\"2000\" height=\"1333\" src=\"https:\/\/www.zighenzani.com\/wp-content\/uploads\/2024\/01\/J-H_2023-0419_edited-1.jpg\" class=\"attachment-full size-full wp-post-image\" alt=\"\" srcset=\"https:\/\/www.zighenzani.com\/wp-content\/uploads\/2024\/01\/J-H_2023-0419_edited-1-200x133.jpg 200w, https:\/\/www.zighenzani.com\/wp-content\/uploads\/2024\/01\/J-H_2023-0419_edited-1-400x267.jpg 400w, https:\/\/www.zighenzani.com\/wp-content\/uploads\/2024\/01\/J-H_2023-0419_edited-1-600x400.jpg 600w, https:\/\/www.zighenzani.com\/wp-content\/uploads\/2024\/01\/J-H_2023-0419_edited-1-800x533.jpg 800w, https:\/\/www.zighenzani.com\/wp-content\/uploads\/2024\/01\/J-H_2023-0419_edited-1-1200x800.jpg 1200w, https:\/\/www.zighenzani.com\/wp-content\/uploads\/2024\/01\/J-H_2023-0419_edited-1.jpg 2000w\" sizes=\"(min-width: 2200px) 100vw, (min-width: 824px) 363px, (min-width: 732px) 544px, (min-width: 640px) 732px, \" \/><div class=\"fusion-rollover\">\n\t<div class=\"fusion-rollover-content\">\n\n\t\t\t\t\t\t\t\t\t\t\t\t\t\t<a class=\"fusion-rollover-link\" href=\"https:\/\/www.zighenzani.com\/fr\/2024\/01\/26\/salon-de-chasse-jagd-hund\/\">Salon de chasse Jagd &#038; Hund<\/a>\n\t\t\t\n\t\t\t\t\t\t\t\t\t\t\t\t\t\t\n\t\t\t\t\t\t\t\t\n\t\t\t\t\t\t\t\t\t\t\t\t\t<div class=\"fusion-rollover-sep\"><\/div>\n\t\t\t\t\n\t\t\t\t\t\t\t\t\t\t\t\t\t\t\t\t\t\t<a class=\"fusion-rollover-gallery\" href=\"https:\/\/www.zighenzani.com\/wp-content\/uploads\/2024\/01\/J-H_2023-0419_edited-1.jpg\" data-id=\"1995\" data-rel=\"iLightbox[gallery]\" data-title=\"28.01.2013, Jagd &amp; Hund 2023,\" data-caption=\"28.01.2013, Jagd &amp; Hund 2023, Halle 4, \u00dcbersicht, Besucher, voll\">\n\t\t\t\t\t\tGallery\t\t\t\t\t<\/a>\n\t\t\t\t\t\t\t\t\t\t\t\t\t\t\n\t\t\n\t\t\t\t\t\t\t\t\n\t\t\t\t\t\t\t\t\n\t\t\n\t\t\t\t\t\t<a class=\"fusion-link-wrapper\" href=\"https:\/\/www.zighenzani.com\/fr\/2024\/01\/26\/salon-de-chasse-jagd-hund\/\" aria-label=\"Salon de chasse Jagd &#038; Hund\"><\/a>\n\t<\/div>\n<\/div>\n<\/div>\n<\/li>\n\t\t\t\n\t\t\t\n\t\t\t\t\t\t\t\t\t\t\t\t\t\t\t\t\t\t\t\t\t\t\t\t\t\t\t\t\t\t\t\t\t\t\t\t\t\t\t\t\t\t\t\t\t\t\t\t\t\t\t\t\t\t\t\t\t\t\t\t\t\t\t\t\t\t\t\t<\/ul>\n\t<\/div>\n\t<div class=\"fusion-post-content-wrapper\" style=\"padding:30px 25px 20px 25px;\"><div class=\"fusion-post-content post-content\"><h2 class=\"blog-shortcode-post-title entry-title\"><a href=\"https:\/\/www.zighenzani.com\/fr\/2024\/01\/26\/salon-de-chasse-jagd-hund\/\">Salon de chasse Jagd &#038; Hund<\/a><\/h2><div class=\"fusion-content-sep sep-double sep-solid\"><\/div><div class=\"fusion-post-content-container\"><p>Comme chaque ann\u00e9e, nous sommes de retour \u00e0 Dortmund au salon de chasse Jagd &amp; [...]<\/p><\/div><\/div><div class=\"fusion-meta-info\"><div class=\"fusion-alignleft\"><a class=\"fusion-read-more\" href=\"https:\/\/www.zighenzani.com\/fr\/2024\/01\/26\/salon-de-chasse-jagd-hund\/\" aria-label=\"More on Salon de chasse Jagd &#038; Hund\">En savoir plus<\/a><\/div><\/div><\/div><div class=\"fusion-clearfix\"><\/div><\/div>\n<\/article>\n<article id=\"blog-1-post-1920\" class=\"fusion-post-grid post-1920 post type-post status-publish format-standard has-post-thumbnail hentry category-unkategorisiert\">\n<div class=\"fusion-post-wrapper\" style=\"background-color:rgba(255,255,255,1);border:1px solid #ebeaea;border-bottom-width:3px;\">\n\n\t\t\t<div class=\"fusion-flexslider flexslider fusion-flexslider-loading fusion-post-slideshow\" style=\"border-color:#ebeaea;\">\n\t\t<ul class=\"slides\">\n\t\t\t\n\t\t\t\t\t\t\t\t\t\t\t\t\t\t<li><div  class=\"fusion-image-wrapper\" aria-haspopup=\"true\">\n\t\t\t\t<img decoding=\"async\" width=\"3888\" height=\"2592\" src=\"https:\/\/www.zighenzani.com\/wp-content\/uploads\/2020\/01\/Regenbogen.jpg\" class=\"attachment-full size-full wp-post-image\" alt=\"\" srcset=\"https:\/\/www.zighenzani.com\/wp-content\/uploads\/2020\/01\/Regenbogen-200x133.jpg 200w, https:\/\/www.zighenzani.com\/wp-content\/uploads\/2020\/01\/Regenbogen-400x267.jpg 400w, https:\/\/www.zighenzani.com\/wp-content\/uploads\/2020\/01\/Regenbogen-600x400.jpg 600w, https:\/\/www.zighenzani.com\/wp-content\/uploads\/2020\/01\/Regenbogen-800x533.jpg 800w, https:\/\/www.zighenzani.com\/wp-content\/uploads\/2020\/01\/Regenbogen-1200x800.jpg 1200w, https:\/\/www.zighenzani.com\/wp-content\/uploads\/2020\/01\/Regenbogen.jpg 3888w\" sizes=\"(min-width: 2200px) 100vw, (min-width: 824px) 363px, (min-width: 732px) 544px, (min-width: 640px) 732px, \" \/><div class=\"fusion-rollover\">\n\t<div class=\"fusion-rollover-content\">\n\n\t\t\t\t\t\t\t\t\t\t\t\t\t\t<a class=\"fusion-rollover-link\" href=\"https:\/\/www.zighenzani.com\/fr\/2020\/01\/20\/lexposition-de-la-chasse-en-dortmund\/\">L&rsquo;exposition de la chasse en Dortmund<\/a>\n\t\t\t\n\t\t\t\t\t\t\t\t\t\t\t\t\t\t\n\t\t\t\t\t\t\t\t\n\t\t\t\t\t\t\t\t\t\t\t\t\t<div class=\"fusion-rollover-sep\"><\/div>\n\t\t\t\t\n\t\t\t\t\t\t\t\t\t\t\t\t\t\t\t\t\t\t<a class=\"fusion-rollover-gallery\" href=\"https:\/\/www.zighenzani.com\/wp-content\/uploads\/2020\/01\/Regenbogen.jpg\" data-id=\"1920\" data-rel=\"iLightbox[gallery]\" data-title=\"Regenbogen\" data-caption=\"\">\n\t\t\t\t\t\tGallery\t\t\t\t\t<\/a>\n\t\t\t\t\t\t\t\t\t\t\t\t\t\t\n\t\t\n\t\t\t\t\t\t\t\t\n\t\t\t\t\t\t\t\t\n\t\t\n\t\t\t\t\t\t<a class=\"fusion-link-wrapper\" href=\"https:\/\/www.zighenzani.com\/fr\/2020\/01\/20\/lexposition-de-la-chasse-en-dortmund\/\" aria-label=\"L&rsquo;exposition de la chasse en Dortmund\"><\/a>\n\t<\/div>\n<\/div>\n<\/div>\n<\/li>\n\t\t\t\n\t\t\t\n\t\t\t\t\t\t\t\t\t\t\t\t\t\t\t\t\t\t\t\t\t\t\t\t\t\t\t\t\t\t\t\t\t\t\t\t\t\t\t\t\t\t\t\t\t\t\t\t\t\t\t\t\t\t\t\t\t\t\t\t\t\t\t\t\t\t\t\t<\/ul>\n\t<\/div>\n\t<div class=\"fusion-post-content-wrapper\" style=\"padding:30px 25px 20px 25px;\"><div class=\"fusion-post-content post-content\"><h2 class=\"blog-shortcode-post-title entry-title\"><a href=\"https:\/\/www.zighenzani.com\/fr\/2020\/01\/20\/lexposition-de-la-chasse-en-dortmund\/\">L&rsquo;exposition de la chasse en Dortmund<\/a><\/h2><div class=\"fusion-content-sep sep-double sep-solid\"><\/div><div class=\"fusion-post-content-container\"><p>Une br\u00e8ve mise \u00e0 jour de la Namibie: Apr\u00e8s la s\u00e9cheresse extr\u00eame, nous avons eu [...]<\/p><\/div><\/div><div class=\"fusion-meta-info\"><div class=\"fusion-alignleft\"><a class=\"fusion-read-more\" href=\"https:\/\/www.zighenzani.com\/fr\/2020\/01\/20\/lexposition-de-la-chasse-en-dortmund\/\" aria-label=\"More on L&rsquo;exposition de la chasse en Dortmund\">En savoir plus<\/a><\/div><\/div><\/div><div class=\"fusion-clearfix\"><\/div><\/div>\n<\/article>\n<article id=\"blog-1-post-1866\" class=\"fusion-post-grid post-1866 post type-post status-publish format-standard has-post-thumbnail hentry category-unkategorisiert\">\n<div class=\"fusion-post-wrapper\" style=\"background-color:rgba(255,255,255,1);border:1px solid #ebeaea;border-bottom-width:3px;\">\n\n\t\t\t<div class=\"fusion-flexslider flexslider fusion-flexslider-loading fusion-post-slideshow\" style=\"border-color:#ebeaea;\">\n\t\t<ul class=\"slides\">\n\t\t\t\n\t\t\t\t\t\t\t\t\t\t\t\t\t\t<li><div  class=\"fusion-image-wrapper\" aria-haspopup=\"true\">\n\t\t\t\t<img decoding=\"async\" width=\"1389\" height=\"753\" src=\"https:\/\/www.zighenzani.com\/wp-content\/uploads\/2019\/05\/screenshot_zighenzani.jpg\" class=\"attachment-full size-full wp-post-image\" alt=\"\" srcset=\"https:\/\/www.zighenzani.com\/wp-content\/uploads\/2019\/05\/screenshot_zighenzani-200x108.jpg 200w, https:\/\/www.zighenzani.com\/wp-content\/uploads\/2019\/05\/screenshot_zighenzani-400x217.jpg 400w, https:\/\/www.zighenzani.com\/wp-content\/uploads\/2019\/05\/screenshot_zighenzani-600x325.jpg 600w, https:\/\/www.zighenzani.com\/wp-content\/uploads\/2019\/05\/screenshot_zighenzani-800x434.jpg 800w, https:\/\/www.zighenzani.com\/wp-content\/uploads\/2019\/05\/screenshot_zighenzani-1200x651.jpg 1200w, https:\/\/www.zighenzani.com\/wp-content\/uploads\/2019\/05\/screenshot_zighenzani.jpg 1389w\" sizes=\"(min-width: 2200px) 100vw, (min-width: 824px) 363px, (min-width: 732px) 544px, (min-width: 640px) 732px, \" \/><div class=\"fusion-rollover\">\n\t<div class=\"fusion-rollover-content\">\n\n\t\t\t\t\t\t\t\t\t\t\t\t\t\t<a class=\"fusion-rollover-link\" href=\"https:\/\/www.zighenzani.com\/fr\/2019\/09\/10\/notre-nouvelle-page-web-est-en-ligne\/\">Notre nouvelle page web est en ligne!<\/a>\n\t\t\t\n\t\t\t\t\t\t\t\t\t\t\t\t\t\t\n\t\t\t\t\t\t\t\t\n\t\t\t\t\t\t\t\t\t\t\t\t\t<div class=\"fusion-rollover-sep\"><\/div>\n\t\t\t\t\n\t\t\t\t\t\t\t\t\t\t\t\t\t\t\t\t\t\t<a class=\"fusion-rollover-gallery\" href=\"https:\/\/www.zighenzani.com\/wp-content\/uploads\/2019\/05\/screenshot_zighenzani.jpg\" data-id=\"1866\" data-rel=\"iLightbox[gallery]\" data-title=\"screenshot_zighenzani\" data-caption=\"\">\n\t\t\t\t\t\tGallery\t\t\t\t\t<\/a>\n\t\t\t\t\t\t\t\t\t\t\t\t\t\t\n\t\t\n\t\t\t\t\t\t\t\t\n\t\t\t\t\t\t\t\t\n\t\t\n\t\t\t\t\t\t<a class=\"fusion-link-wrapper\" href=\"https:\/\/www.zighenzani.com\/fr\/2019\/09\/10\/notre-nouvelle-page-web-est-en-ligne\/\" aria-label=\"Notre nouvelle page web est en ligne!\"><\/a>\n\t<\/div>\n<\/div>\n<\/div>\n<\/li>\n\t\t\t\n\t\t\t\n\t\t\t\t\t\t\t\t\t\t\t\t\t\t\t\t\t\t\t\t\t\t\t\t\t\t\t\t\t\t\t\t\t\t\t\t\t\t\t\t\t\t\t\t\t\t\t\t\t\t\t\t\t\t\t\t\t\t\t\t\t\t\t\t\t\t\t\t<\/ul>\n\t<\/div>\n\t<div class=\"fusion-post-content-wrapper\" style=\"padding:30px 25px 20px 25px;\"><div class=\"fusion-post-content post-content\"><h2 class=\"blog-shortcode-post-title entry-title\"><a href=\"https:\/\/www.zighenzani.com\/fr\/2019\/09\/10\/notre-nouvelle-page-web-est-en-ligne\/\">Notre nouvelle page web est en ligne!<\/a><\/h2><div class=\"fusion-content-sep sep-double sep-solid\"><\/div><div class=\"fusion-post-content-container\"><p>Nous sommes tr\u00e8s heureux de vous pr\u00e9senter notre nouvelle page web: avec plus d'informations sur [...]<\/p><\/div><\/div><div class=\"fusion-meta-info\"><div class=\"fusion-alignleft\"><a class=\"fusion-read-more\" href=\"https:\/\/www.zighenzani.com\/fr\/2019\/09\/10\/notre-nouvelle-page-web-est-en-ligne\/\" aria-label=\"More on Notre nouvelle page web est en ligne!\">En savoir plus<\/a><\/div><\/div><\/div><div class=\"fusion-clearfix\"><\/div><\/div>\n<\/article>\n<div class=\"fusion-clearfix\"><\/div><\/div><\/div><div class=\"fusion-clearfix\"><\/div><\/div><\/div><\/div><\/div><div class=\"fusion-bg-parallax\" data-bg-align=\"center center\" data-direction=\"up\" data-mute=\"false\" data-opacity=\"100\" data-velocity=\"-0.3\" data-mobile-enabled=\"false\" data-break_parents=\"0\" data-bg-image=\"https:\/\/www.zighenzani.com\/wp-content\/uploads\/2019\/02\/back_call_to_action_buchungsanfrage-1.jpg\" data-bg-repeat=\"false\" ><\/div><div class=\"fusion-fullwidth fullwidth-box fusion-builder-row-3 fusion-parallax-up nonhundred-percent-fullwidth non-hundred-percent-height-scrolling\" style=\"--awb-border-radius-top-left:0px;--awb-border-radius-top-right:0px;--awb-border-radius-bottom-right:0px;--awb-border-radius-bottom-left:0px;--awb-padding-top:220px;--awb-padding-bottom:220px;--awb-background-image:url(&quot;https:\/\/www.zighenzani.com\/wp-content\/uploads\/2019\/02\/back_call_to_action_buchungsanfrage-1.jpg&quot;);--awb-background-size:cover;--awb-border-sizes-top:0px;--awb-border-sizes-bottom:0px;--awb-flex-wrap:wrap;\" ><div class=\"fusion-builder-row fusion-row\"><div class=\"fusion-layout-column fusion_builder_column fusion-builder-column-2 fusion_builder_column_1_1 1_1 fusion-one-full fusion-column-first fusion-column-last fusion-column-no-min-height\" style=\"--awb-bg-size:cover;--awb-margin-bottom:0px;\"><div class=\"fusion-column-wrapper fusion-flex-column-wrapper-legacy\"><div class=\"fusion-text fusion-text-1\"><h1 style=\"text-align: center; color: #fff; text-transform: uppercase;\">D\u00e9couvrez avec nous la beaut\u00e9 et l&rsquo;\u00e9tendue originelles de l&rsquo;Afrique!<br \/>\n<\/h1>\n<\/div><div class=\"fusion-clearfix\"><\/div><\/div><\/div><div class=\"fusion-layout-column fusion_builder_column fusion-builder-column-3 fusion_builder_column_1_1 1_1 fusion-one-full fusion-column-first fusion-column-last fusion-column-no-min-height\" style=\"--awb-bg-size:cover;--awb-margin-bottom:0px;\"><div class=\"fusion-column-wrapper fusion-flex-column-wrapper-legacy\"><div class=\"fusion-text fusion-text-2\"><h3 style=\"text-align: center; color: #fff;\">Nous comprenons la chasse comme une conservation appliqu\u00e9e et une utilisation durable de nos pr\u00e9cieuses ressources. La Namibie offre des paysages exceptionnels, une faune particuli\u00e8re et une v\u00e9ritable aventure. Venez chasser avec nous et laissez-nous faire de votre safari une exp\u00e9rience inoubliable!<\/h3>\n<\/div><div class=\"fusion-sep-clear\"><\/div><div class=\"fusion-separator fusion-full-width-sep\" style=\"margin-left: auto;margin-right: auto;margin-top:10px;margin-bottom:10px;width:100%;\"><\/div><div class=\"fusion-sep-clear\"><\/div><div class=\"fusion-aligncenter\"><a class=\"fusion-button button-flat fusion-button-default-size button-default fusion-button-default button-1 fusion-button-default-span fusion-button-default-type\" target=\"_self\" href=\"https:\/\/www.zighenzani.com\/fr\/reservation-et-contact\/\"><span class=\"fusion-button-text\">DEMANDE DE RESERVATION<\/span><\/a><\/div><div class=\"fusion-clearfix\"><\/div><\/div><\/div><\/div><\/div><\/p>\n","protected":false},"excerpt":{"rendered":"","protected":false},"author":1,"featured_media":0,"parent":0,"menu_order":1,"comment_status":"closed","ping_status":"closed","template":"100-width.php","meta":{"footnotes":""},"_links":{"self":[{"href":"https:\/\/www.zighenzani.com\/fr\/wp-json\/wp\/v2\/pages\/1734"}],"collection":[{"href":"https:\/\/www.zighenzani.com\/fr\/wp-json\/wp\/v2\/pages"}],"about":[{"href":"https:\/\/www.zighenzani.com\/fr\/wp-json\/wp\/v2\/types\/page"}],"author":[{"embeddable":true,"href":"https:\/\/www.zighenzani.com\/fr\/wp-json\/wp\/v2\/users\/1"}],"replies":[{"embeddable":true,"href":"https:\/\/www.zighenzani.com\/fr\/wp-json\/wp\/v2\/comments?post=1734"}],"version-history":[{"count":3,"href":"https:\/\/www.zighenzani.com\/fr\/wp-json\/wp\/v2\/pages\/1734\/revisions"}],"predecessor-version":[{"id":1890,"href":"https:\/\/www.zighenzani.com\/fr\/wp-json\/wp\/v2\/pages\/1734\/revisions\/1890"}],"wp:attachment":[{"href":"https:\/\/www.zighenzani.com\/fr\/wp-json\/wp\/v2\/media?parent=1734"}],"curies":[{"name":"wp","href":"https:\/\/api.w.org\/{rel}","templated":true}]}}